{"id":50,"date":"2025-04-24T23:44:40","date_gmt":"2025-04-24T21:44:40","guid":{"rendered":"https:\/\/intapack.eu\/?page_id=50"},"modified":"2025-04-24T23:50:42","modified_gmt":"2025-04-24T21:50:42","slug":"about-us","status":"publish","type":"page","link":"https:\/\/intapack.eu\/sk\/about-us\/","title":{"rendered":"O n\u00e1s"},"content":{"rendered":"<div class=\"content\">\n<div class=\"content\">\n<h3><strong>O n\u00e1s<\/strong><\/h3>\n<p><span style=\"font-size: 12pt;\">Pravidelne si kladieme ot\u00e1zku: kto sme a \u010do m\u00f4\u017eeme urobi\u0165? A zaka\u017ed\u00fdm, ke\u010f sa odpove\u010f na \u0148u st\u00e1va \u010doraz komplexnej\u0161ou, preto\u017ee pojem \u201emy\u201c rastie v po\u010dte svojich \u010dlenov a \u201emy to dok\u00e1\u017eeme\u201c roz\u0161iruje rozsah a znalosti. Jedno v\u0161ak zost\u00e1va zrejm\u00e9: sme integr\u00e1lny t\u00edm, t\u00edm, ktor\u00fd sp\u00e1ja jedin\u00fd cie\u013e a jedine\u010dn\u00e9 preferencie. Milujeme to, \u010do rob\u00edme a rob\u00edme to s l\u00e1skou.<\/span><\/p>\n<p><span style=\"font-size: 12pt;\">Intapack je t\u00edm profesion\u00e1lov schopn\u00fdch vyrie\u0161i\u0165 takmer ak\u00fdko\u013evek probl\u00e9m v oblasti po\u013enohospod\u00e1rskych produktov akejko\u013evek konfigur\u00e1cie a zlo\u017eitosti. A to nie je samochv\u00e1la ani reklamn\u00fd slogan, ktor\u00fd n\u00e1s odli\u0161uje od na\u0161ich konkurentov. K realiz\u00e1cii tohto \u010dinu smerujeme u\u017e dlh\u00e9 roky, v\u017edy sa sna\u017e\u00edme adekv\u00e1tne zhodnoti\u0165 svoje schopnosti a nazbieran\u00e9 sk\u00fasenosti jasne ukazuj\u00fa, \u017ee v tom, \u010do milujeme, s jasne stanoven\u00fdm cie\u013eom siahaj\u00fa hranice nemo\u017en\u00e9ho \u010faleko za horizont.<\/span><\/p>\n<p><span style=\"font-size: 12pt;\">V priebehu nieko\u013ek\u00fdch rokov svojej \u010dinnosti sa na\u0161a v\u00fdroba rozr\u00e1stla z krkolomn\u00e9ho rozsahu a jednoduch\u00fdch in\u0161tal\u00e1ci\u00ed na plnohodnotn\u00fd v\u00fdrobn\u00fd komplex schopn\u00fd vyr\u00e1ba\u0165 automatizovan\u00e9 linky akejko\u013evek zlo\u017eitosti. Dnes vlastn\u00edme vlastn\u00fa in\u017einiersku a dizajn\u00e9rsku z\u00e1klad\u0148u, v\u00fdrobn\u00e9 priestory, pozost\u00e1vaj\u00face z:<\/span><\/p>\n<ul>\n<li><span style=\"font-size: 12pt;\">oblas\u0165 na rezanie a sekanie kovov<\/span><\/li>\n<li><span style=\"font-size: 12pt;\">\u010das\u0165 s rolovan\u00edm,<\/span><\/li>\n<li><span style=\"font-size: 12pt;\">oblas\u0165 zv\u00e1rania a sp\u00e1jkovania,<\/span><\/li>\n<li><span style=\"font-size: 12pt;\">elektrick\u00e1 diel\u0148a<\/span><\/li>\n<li><span style=\"font-size: 12pt;\">s\u00fastru\u017en\u00edctvo a kovoobr\u00e1banie,<\/span><\/li>\n<li><span style=\"font-size: 12pt;\">pneumohydraulick\u00e1 \u010das\u0165,<\/span><\/li>\n<li><span style=\"font-size: 12pt;\">oblas\u0165 mont\u00e1\u017ee a nastavenia<\/span><\/li>\n<li><span style=\"font-size: 12pt;\">ako aj sklad pre z\u00e1soby, hotov\u00e9 v\u00fdrobky a testovacie miesto na predv\u00e1dzanie vyroben\u00fdch zariaden\u00ed.<\/span><\/li>\n<\/ul>\n<p><span style=\"font-size: 12pt;\">Vyr\u00e1bame viac ako 100 druhov priemyseln\u00fdch technologick\u00fdch zariaden\u00ed, ktor\u00e9 sa \u00faspe\u0161ne pou\u017e\u00edvaj\u00fa v r\u00f4znych krajin\u00e1ch sveta.<\/span><\/p>\n<p><span style=\"font-size: 12pt;\">Sna\u017e\u00edme sa vytvori\u0165 vybavenie, ktor\u00e9 pom\u00f4\u017ee farm\u00e1rom dosiahnu\u0165 maxim\u00e1lnu efektivitu a produktivitu. Na\u0161\u00edm poslan\u00edm je u\u013eah\u010di\u0165, spr\u00edstupni\u0165 a technologicky vylep\u0161i\u0165 po\u013enohospod\u00e1rsku pr\u00e1cu poskytovan\u00edm spo\u013eahliv\u00fdch a inovat\u00edvnych rie\u0161en\u00ed.<\/span><\/p>\n<h4><strong>Na\u0161e v\u00fdhody<\/strong><\/h4>\n<ol>\n<li><span style=\"font-size: 12pt;\"><strong>Individu\u00e1lny pr\u00edstup. <\/strong>Vyv\u00edjame vybavenie s oh\u013eadom na jedine\u010dn\u00e9 potreby ka\u017ed\u00e9ho klienta.<\/span><\/li>\n<li><span style=\"font-size: 12pt;\"><strong>Kvalita.<\/strong> V\u0161etky na\u0161e produkty prech\u00e1dzaj\u00fa pr\u00edsnou kontrolou kvality v ka\u017edej f\u00e1ze v\u00fdroby.<\/span><\/li>\n<li><span style=\"font-size: 12pt;\"><strong>Inov\u00e1cie. <\/strong>Pou\u017e\u00edvame pokro\u010dil\u00e9 technol\u00f3gie, aby sme mohli pon\u00faknu\u0165 modern\u00e9 rie\u0161enia pre po\u013enohospod\u00e1rstvo.<\/span><\/li>\n<li><span style=\"font-size: 12pt;\"><strong>Podpora.<\/strong> N\u00e1\u0161 t\u00edm poskytuje pln\u00fa podporu \u2013 od n\u00e1vrhu a\u017e po uvedenie zariadenia do prev\u00e1dzky.<\/span><\/li>\n<\/ol>\n<h4><strong>Na\u0161e \u00faspechy<\/strong><\/h4>\n<p><span style=\"font-size: 12pt;\">Po\u010das rokov pr\u00e1ce sme:<\/span><\/p>\n<ul>\n<li><span style=\"font-size: 12pt;\">Implementovali sme viac ako 100 ve\u013ek\u00fdch projektov v r\u00f4znych krajin\u00e1ch.<\/span><\/li>\n<li><span style=\"font-size: 12pt;\">Z\u00edskal ocenenia za inov\u00e1cie vo v\u00fdrobe zariaden\u00ed.<\/span><\/li>\n<li><span style=\"font-size: 12pt;\">Vytvorili sme automatizovan\u00e9 linky, ktor\u00e9 pomohli na\u0161im klientom zv\u00fd\u0161i\u0165 produktivitu o 30 %.<\/span><\/li>\n<\/ul>\n<p>&nbsp;<\/p>\n<p><span style=\"font-size: 12pt;\">O n\u00e1s \u2013 to je Intapack, t\u00edm, ktor\u00fd rob\u00ed nemo\u017en\u00e9 mo\u017en\u00fdm. Sme hrd\u00ed na to, \u017ee vytv\u00e1rame zariadenia, ktor\u00e9 pom\u00e1haj\u00fa farm\u00e1rom rozv\u00edja\u0165 ich podnikanie a dosahova\u0165 nov\u00e9 v\u00fd\u0161ky.<\/span><\/p>\n<\/div>\n<\/div>\n","protected":false},"excerpt":{"rendered":"<p>O n\u00e1s Pravidelne si kladieme ot\u00e1zku: kto sme a \u010do m\u00f4\u017eeme urobi\u0165? A zaka\u017ed\u00fdm, ke\u010f sa odpove\u010f na \u0148u st\u00e1va \u010doraz komplexnej\u0161ou, preto\u017ee pojem \u201emy\u201c rastie v po\u010dte svojich \u010dlenov a \u201emy to dok\u00e1\u017eeme\u201c roz\u0161iruje rozsah a znalosti. Jedno v\u0161ak zost\u00e1va zrejm\u00e9: sme integr\u00e1lny t\u00edm, t\u00edm, ktor\u00fd sp\u00e1ja jedin\u00fd cie\u013e a jedine\u010dn\u00e9 preferencie. Milujeme to, [&hellip;]<\/p>\n","protected":false},"author":1,"featured_media":0,"parent":0,"menu_order":0,"comment_status":"closed","ping_status":"closed","template":"add.php","meta":{"inline_featured_image":false,"ngg_post_thumbnail":0,"footnotes":""},"class_list":["post-50","page","type-page","status-publish","hentry"],"acf":[],"yoast_head":"<!-- This site is optimized with the Yoast SEO plugin v24.2 - https:\/\/yoast.com\/wordpress\/plugins\/seo\/ -->\n<title>O n\u00e1s - O n\u00e1s - O n\u00e1s - O n\u00e1s - O n\u00e1s - O n\u00e1s - O n\u00e1s - O n\u00e1s - Intapack esame profesional\u0173 komanda[:]<\/title>\n<meta name=\"description\" content=\"O n\u00e1s \u2013 sme v\u00fdrobcovia po\u013enohospod\u00e1rskej techniky a pon\u00fakame spo\u013eahliv\u00e9 rie\u0161enia pre farm\u00e1rov akejko\u013evek zlo\u017eitosti.\" \/>\n<meta name=\"robots\" content=\"index, follow, max-snippet:-1, max-image-preview:large, max-video-preview:-1\" \/>\n<link rel=\"canonical\" href=\"https:\/\/intapack.eu\/sk\/about-us\/\" \/>\n<meta property=\"og:locale\" content=\"sk_SK\" \/>\n<meta property=\"og:locale:alternate\" content=\"en_US\" \/>\n<meta property=\"og:locale:alternate\" content=\"ru_RU\" \/>\n<meta property=\"og:locale:alternate\" content=\"pl_PL\" \/>\n<meta property=\"og:locale:alternate\" content=\"cs_CZ\" \/>\n<meta property=\"og:locale:alternate\" content=\"hu_HU\" \/>\n<meta property=\"og:locale:alternate\" content=\"ro_RO\" \/>\n<meta property=\"og:locale:alternate\" content=\"lt_LT\" \/>\n<meta property=\"og:type\" content=\"article\" \/>\n<meta property=\"og:title\" content=\"O n\u00e1sO n\u00e1sO n\u00e1sO n\u00e1sO n\u00e1sO n\u00e1sO n\u00e1sO n\u00e1s\" \/>\n<meta property=\"og:description\" content=\"O n\u00e1s \u2013 sme v\u00fdrobcovia po\u013enohospod\u00e1rskej techniky a pon\u00fakame spo\u013eahliv\u00e9 rie\u0161enia pre farm\u00e1rov akejko\u013evek zlo\u017eitosti.\" \/>\n<meta property=\"og:url\" content=\"https:\/\/intapack.eu\/sk\/about-us\/\" \/>\n<meta property=\"og:site_name\" content=\"Intapack\" \/>\n<meta property=\"article:modified_time\" content=\"2025-04-24T21:50:42+00:00\" \/>\n<meta name=\"twitter:card\" content=\"summary_large_image\" \/>\n<meta name=\"twitter:label1\" content=\"Predpokladan\u00fd \u010das \u010d\u00edtania\" \/>\n\t<meta name=\"twitter:data1\" content=\"2 min\u00faty\" \/>\n<script type=\"application\/ld+json\" class=\"yoast-schema-graph\">{\"@context\":\"https:\/\/schema.org\",\"@graph\":[{\"@type\":\"WebPage\",\"@id\":\"https:\/\/intapack.eu\/lt\/about-us\/\",\"url\":\"https:\/\/intapack.eu\/lt\/about-us\/\",\"name\":\"O n\u00e1sO n\u00e1sO n\u00e1sO n\u00e1sO n\u00e1sO n\u00e1sO n\u00e1sO n\u00e1s\",\"isPartOf\":{\"@id\":\"https:\/\/intapack.eu\/#website\"},\"datePublished\":\"2025-04-24T21:44:40+00:00\",\"dateModified\":\"2025-04-24T21:50:42+00:00\",\"description\":\"O n\u00e1s \u2013 sme v\u00fdrobcovia po\u013enohospod\u00e1rskej techniky a pon\u00fakame spo\u013eahliv\u00e9 rie\u0161enia pre farm\u00e1rov akejko\u013evek zlo\u017eitosti.\",\"breadcrumb\":{\"@id\":\"https:\/\/intapack.eu\/lt\/about-us\/#breadcrumb\"},\"inLanguage\":\"sk-SK\",\"potentialAction\":[{\"@type\":\"ReadAction\",\"target\":[\"https:\/\/intapack.eu\/lt\/about-us\/\"]}]},{\"@type\":\"BreadcrumbList\",\"@id\":\"https:\/\/intapack.eu\/lt\/about-us\/#breadcrumb\",\"itemListElement\":[{\"@type\":\"ListItem\",\"position\":1,\"name\":\"Home\",\"item\":\"https:\/\/intapack.eu\/lt\/\"},{\"@type\":\"ListItem\",\"position\":2,\"name\":\"Apie mus\"}]},{\"@type\":\"WebSite\",\"@id\":\"https:\/\/intapack.eu\/#website\",\"url\":\"https:\/\/intapack.eu\/\",\"name\":\"Intapack\",\"description\":\"Intapack - NAJLEP\u0160IE MIESTA NA N\u00c1KUP PO\u013dNOHOSPOD\u00c1RSKEJ TECHNIKY NA UKRAJINE\",\"publisher\":{\"@id\":\"https:\/\/intapack.eu\/#organization\"},\"potentialAction\":[{\"@type\":\"SearchAction\",\"target\":{\"@type\":\"EntryPoint\",\"urlTemplate\":\"https:\/\/intapack.eu\/?s={search_term_string}\"},\"query-input\":{\"@type\":\"PropertyValueSpecification\",\"valueRequired\":true,\"valueName\":\"search_term_string\"}}],\"inLanguage\":\"sk-SK\"},{\"@type\":\"Organization\",\"@id\":\"https:\/\/intapack.eu\/#organization\",\"name\":\"Intapack\",\"url\":\"https:\/\/intapack.eu\/\",\"logo\":{\"@type\":\"ImageObject\",\"inLanguage\":\"sk-SK\",\"@id\":\"https:\/\/intapack.eu\/#\/schema\/logo\/image\/\",\"url\":\"https:\/\/intapack.eu\/wp-content\/uploads\/2025\/04\/intapack2-logo-601x600-1.png\",\"contentUrl\":\"https:\/\/intapack.eu\/wp-content\/uploads\/2025\/04\/intapack2-logo-601x600-1.png\",\"width\":601,\"height\":600,\"caption\":\"Intapack\"},\"image\":{\"@id\":\"https:\/\/intapack.eu\/#\/schema\/logo\/image\/\"}}]}<\/script>\n<!-- \/ Yoast SEO plugin. -->","yoast_head_json":{"title":"O n\u00e1s - O n\u00e1s - O n\u00e1s - O n\u00e1s - O n\u00e1s - O n\u00e1s - O n\u00e1s - O n\u00e1s - Intapack esame profesional\u0173 komanda[:]","description":"O n\u00e1s \u2013 sme v\u00fdrobcovia po\u013enohospod\u00e1rskej techniky a pon\u00fakame spo\u013eahliv\u00e9 rie\u0161enia pre farm\u00e1rov akejko\u013evek zlo\u017eitosti.","robots":{"index":"index","follow":"follow","max-snippet":"max-snippet:-1","max-image-preview":"max-image-preview:large","max-video-preview":"max-video-preview:-1"},"canonical":"https:\/\/intapack.eu\/sk\/about-us\/","og_locale":"sk_SK","og_type":"article","og_title":"[:en][:en]About us[:ru]\u041e \u043d\u0430\u0441[:pl]O nas[:cs]O n\u00e1s[:hu]R\u00f3lunk[:sk]O n\u00e1s[:ro]Despre noi[:lt]Apie mus[:] - Intapack we are a team of professionals[:ru][:en]About us[:ru]\u041e \u043d\u0430\u0441[:pl]O nas[:cs]O n\u00e1s[:hu]R\u00f3lunk[:sk]O n\u00e1s[:ro]Despre noi[:lt]Apie mus[:] - \u044f\u0432\u043b\u044f\u0435\u043c\u0441\u044f \u043a\u043e\u043c\u0430\u043d\u0434\u043e\u0439 \u043f\u0440\u043e\u0444\u0435\u0441\u0441\u0438\u043e\u043d\u0430\u043b\u043e\u0432[:pl][:en]About us[:ru]\u041e \u043d\u0430\u0441[:pl]O nas[:cs]O n\u00e1s[:hu]R\u00f3lunk[:sk]O n\u00e1s[:ro]Despre noi[:lt]Apie mus[:] - Intapack jeste\u015bmy zespo\u0142em profesjonalist\u00f3w[:cs][:en]About us[:ru]\u041e \u043d\u0430\u0441[:pl]O nas[:cs]O n\u00e1s[:hu]R\u00f3lunk[:sk]O n\u00e1s[:ro]Despre noi[:lt]Apie mus[:] - Intapack jsme t\u00fdm profesion\u00e1l\u016f[:hu][:en]About us[:ru]\u041e \u043d\u0430\u0441[:pl]O nas[:cs]O n\u00e1s[:hu]R\u00f3lunk[:sk]O n\u00e1s[:ro]Despre noi[:lt]Apie mus[:] - Intapack profi csapat vagyunk[:sk][:en]About us[:ru]\u041e \u043d\u0430\u0441[:pl]O nas[:cs]O n\u00e1s[:hu]R\u00f3lunk[:sk]O n\u00e1s[:ro]Despre noi[:lt]Apie mus[:] - Intapack sme t\u00edm profesion\u00e1lov[:ro][:en]About us[:ru]\u041e \u043d\u0430\u0441[:pl]O nas[:cs]O n\u00e1s[:hu]R\u00f3lunk[:sk]O n\u00e1s[:ro]Despre noi[:lt]Apie mus[:] - Intapack suntem o echip\u0103 de profesioni\u0219ti[:lt][:en]About us[:ru]\u041e \u043d\u0430\u0441[:pl]O nas[:cs]O n\u00e1s[:hu]R\u00f3lunk[:sk]O n\u00e1s[:ro]Despre noi[:lt]Apie mus[:] - Intapack esame profesional\u0173 komanda[:]","og_description":"[:en]About us \u2013 we are manufacturers of agricultural equipment, offering reliable solutions for farmers of any complexity.[:ru]\u041e \u043d\u0430\u0441 - Intapack \u043f\u0440\u043e\u0438\u0437\u0432\u043e\u0434\u0438\u0442\u0435\u043b\u0438 \u0441\u0435\u043b\u044c\u0441\u043a\u043e\u0445\u043e\u0437\u044f\u0439\u0441\u0442\u0432\u0435\u043d\u043d\u043e\u0433\u043e \u043e\u0431\u043e\u0440\u0443\u0434\u043e\u0432\u0430\u043d\u0438\u044f, \u043f\u0440\u0435\u0434\u043b\u0430\u0433\u0430\u044e\u0449\u0438\u0439 \u043d\u0430\u0434\u0435\u0436\u043d\u044b\u0435 \u0440\u0435\u0448\u0435\u043d\u0438\u044f \u0434\u043b\u044f \u0430\u0433\u0440\u0430\u0440\u0438\u0435\u0432 \u043b\u044e\u0431\u043e\u0439 \u0441\u043b\u043e\u0436\u043d\u043e\u0441\u0442\u0438.[:pl]O nas \u2013 jeste\u015bmy producentami sprz\u0119tu rolniczego, oferuj\u0105cymi niezawodne rozwi\u0105zania dla rolnik\u00f3w o dowolnym stopniu skomplikowania.[:cs]O n\u00e1s \u2013 jsme v\u00fdrobci zem\u011bd\u011blsk\u00e9 techniky a nab\u00edz\u00edme spolehliv\u00e1 \u0159e\u0161en\u00ed pro zem\u011bd\u011blce jak\u00e9koli slo\u017eitosti.[:hu]R\u00f3lunk \u2013 mez\u0151gazdas\u00e1gi g\u00e9pek gy\u00e1rt\u00f3i vagyunk, megb\u00edzhat\u00f3 megold\u00e1sokat k\u00edn\u00e1lunk b\u00e1rmilyen bonyolults\u00e1g\u00fa gazd\u00e1lkod\u00f3 sz\u00e1m\u00e1ra.[:sk]O n\u00e1s \u2013 sme v\u00fdrobcovia po\u013enohospod\u00e1rskej techniky a pon\u00fakame spo\u013eahliv\u00e9 rie\u0161enia pre farm\u00e1rov akejko\u013evek zlo\u017eitosti.[:ro]Despre noi \u2013 suntem produc\u0103tori de echipamente agricole, oferind solu\u021bii fiabile pentru fermieri de orice complexitate.[:lt]Apie mus \u2013 esame \u017eem\u0117s \u016bkio technikos gamintojai, si\u016blantys patikimus sprendimus bet kokio sud\u0117tingumo \u016bkininkams.[:]","og_url":"https:\/\/intapack.eu\/sk\/about-us\/","og_site_name":"Intapack","article_modified_time":"2025-04-24T21:50:42+00:00","twitter_card":"summary_large_image","twitter_misc":{"Predpokladan\u00fd \u010das \u010d\u00edtania":"2 min\u00faty"},"schema":{"@context":"https:\/\/schema.org","@graph":[{"@type":"WebPage","@id":"https:\/\/intapack.eu\/lt\/about-us\/","url":"https:\/\/intapack.eu\/lt\/about-us\/","name":"O n\u00e1sO n\u00e1sO n\u00e1sO n\u00e1sO n\u00e1sO n\u00e1sO n\u00e1sO n\u00e1s","isPartOf":{"@id":"https:\/\/intapack.eu\/#website"},"datePublished":"2025-04-24T21:44:40+00:00","dateModified":"2025-04-24T21:50:42+00:00","description":"O n\u00e1s \u2013 sme v\u00fdrobcovia po\u013enohospod\u00e1rskej techniky a pon\u00fakame spo\u013eahliv\u00e9 rie\u0161enia pre farm\u00e1rov akejko\u013evek zlo\u017eitosti.","breadcrumb":{"@id":"https:\/\/intapack.eu\/lt\/about-us\/#breadcrumb"},"inLanguage":"sk-SK","potentialAction":[{"@type":"ReadAction","target":["https:\/\/intapack.eu\/lt\/about-us\/"]}]},{"@type":"BreadcrumbList","@id":"https:\/\/intapack.eu\/lt\/about-us\/#breadcrumb","itemListElement":[{"@type":"ListItem","position":1,"name":"Home","item":"https:\/\/intapack.eu\/lt\/"},{"@type":"ListItem","position":2,"name":"Apie mus"}]},{"@type":"WebSite","@id":"https:\/\/intapack.eu\/#website","url":"https:\/\/intapack.eu\/","name":"Intapack","description":"Intapack - NAJLEP\u0160IE MIESTA NA N\u00c1KUP PO\u013dNOHOSPOD\u00c1RSKEJ TECHNIKY NA UKRAJINE","publisher":{"@id":"https:\/\/intapack.eu\/#organization"},"potentialAction":[{"@type":"SearchAction","target":{"@type":"EntryPoint","urlTemplate":"https:\/\/intapack.eu\/?s={search_term_string}"},"query-input":{"@type":"PropertyValueSpecification","valueRequired":true,"valueName":"search_term_string"}}],"inLanguage":"sk-SK"},{"@type":"Organization","@id":"https:\/\/intapack.eu\/#organization","name":"Intapack","url":"https:\/\/intapack.eu\/","logo":{"@type":"ImageObject","inLanguage":"sk-SK","@id":"https:\/\/intapack.eu\/#\/schema\/logo\/image\/","url":"https:\/\/intapack.eu\/wp-content\/uploads\/2025\/04\/intapack2-logo-601x600-1.png","contentUrl":"https:\/\/intapack.eu\/wp-content\/uploads\/2025\/04\/intapack2-logo-601x600-1.png","width":601,"height":600,"caption":"Intapack"},"image":{"@id":"https:\/\/intapack.eu\/#\/schema\/logo\/image\/"}}]}},"_links":{"self":[{"href":"https:\/\/intapack.eu\/sk\/wp-json\/wp\/v2\/pages\/50","targetHints":{"allow":["GET"]}}],"collection":[{"href":"https:\/\/intapack.eu\/sk\/wp-json\/wp\/v2\/pages"}],"about":[{"href":"https:\/\/intapack.eu\/sk\/wp-json\/wp\/v2\/types\/page"}],"author":[{"embeddable":true,"href":"https:\/\/intapack.eu\/sk\/wp-json\/wp\/v2\/users\/1"}],"replies":[{"embeddable":true,"href":"https:\/\/intapack.eu\/sk\/wp-json\/wp\/v2\/comments?post=50"}],"version-history":[{"count":8,"href":"https:\/\/intapack.eu\/sk\/wp-json\/wp\/v2\/pages\/50\/revisions"}],"predecessor-version":[{"id":58,"href":"https:\/\/intapack.eu\/sk\/wp-json\/wp\/v2\/pages\/50\/revisions\/58"}],"wp:attachment":[{"href":"https:\/\/intapack.eu\/sk\/wp-json\/wp\/v2\/media?parent=50"}],"curies":[{"name":"wp","href":"https:\/\/api.w.org\/{rel}","templated":true}]}}