{"id":50,"date":"2025-04-24T23:44:40","date_gmt":"2025-04-24T21:44:40","guid":{"rendered":"https:\/\/intapack.eu\/?page_id=50"},"modified":"2025-04-24T23:50:42","modified_gmt":"2025-04-24T21:50:42","slug":"about-us","status":"publish","type":"page","link":"https:\/\/intapack.eu\/ro\/about-us\/","title":{"rendered":"Despre noi"},"content":{"rendered":"<div class=\"content\">\n<div class=\"content\">\n<h3><strong>Despre noi<\/strong><\/h3>\n<p><span style=\"font-size: 12pt;\">Ne punem regulat aceast\u0103 \u00eentrebare: cine suntem \u0219i ce putem face? \u0218i de fiecare dat\u0103 r\u0103spunsul la acesta devine din ce \u00een ce mai complex, deoarece conceptul de \u201enoi\u201d cre\u0219te \u00een num\u0103rul membrilor s\u0103i, iar \u201eputem face\u201d se extinde \u00een domeniul de aplicare \u0219i cuno\u0219tin\u021be. Dar un lucru r\u0103m\u00e2ne evident: suntem o echip\u0103 integral\u0103, o echip\u0103 unit\u0103 printr-un singur obiectiv \u0219i preferin\u021be unice. Ne place ceea ce facem \u0219i o facem cu dragoste.<\/span><\/p>\n<p><span style=\"font-size: 12pt;\">Intapack este o echipa de profesionisti capabila sa rezolve aproape orice problema din domeniul produselor agricole de orice configuratie si complexitate. \u0218i acesta nu este auto-laud\u0103 sau un slogan publicitar care ne diferen\u021biaz\u0103 de concuren\u021bii no\u0219tri. De mul\u021bi ani ne \u00eendrept\u0103m spre realizarea acestui act, \u00eencerc\u00e2nd mereu s\u0103 ne evalu\u0103m adecvat capacit\u0103\u021bile, iar experien\u021ba acumulat\u0103 arat\u0103 clar c\u0103 \u00een ceea ce iubim, cu un scop clar definit, grani\u021bele imposibilului trec cu mult dincolo de orizont.<\/span><\/p>\n<p><span style=\"font-size: 12pt;\">De-a lungul mai multor ani de activitate, produc\u021bia noastr\u0103 a crescut de la o scar\u0103 rapid\u0103 \u0219i instala\u021bii simple \u00eentr-un complex de produc\u021bie cu drepturi depline, capabil s\u0103 produc\u0103 linii automate de orice nivel de complexitate. Ast\u0103zi de\u021binem propria noastr\u0103 baz\u0103 de inginerie \u0219i proiectare, zone de produc\u021bie, formate din:<\/span><\/p>\n<ul>\n<li><span style=\"font-size: 12pt;\">zona de t\u0103iere \u0219i t\u0103iere a metalelor<\/span><\/li>\n<li><span style=\"font-size: 12pt;\">sec\u021biune de rulare prin presare,<\/span><\/li>\n<li><span style=\"font-size: 12pt;\">zona de sudare \u0219i lipire,<\/span><\/li>\n<li><span style=\"font-size: 12pt;\">atelier electric<\/span><\/li>\n<li><span style=\"font-size: 12pt;\">atelier de strunjire \u0219i prelucrare a metalelor,<\/span><\/li>\n<li><span style=\"font-size: 12pt;\">sec\u021biune pneumo-hidraulic\u0103,<\/span><\/li>\n<li><span style=\"font-size: 12pt;\">zona de asamblare \u0219i reglare<\/span><\/li>\n<li><span style=\"font-size: 12pt;\">precum \u0219i un depozit pentru stocuri, produse finite \u0219i un teren de testare pentru demonstrarea echipamentelor fabricate.<\/span><\/li>\n<\/ul>\n<p><span style=\"font-size: 12pt;\">Producem peste 100 de tipuri de echipamente tehnologice industriale, care sunt utilizate cu succes \u00een diferite \u021b\u0103ri ale lumii.<\/span><\/p>\n<p><span style=\"font-size: 12pt;\">Ne str\u0103duim s\u0103 cre\u0103m echipamente care \u00eei ajut\u0103 pe fermieri s\u0103 ating\u0103 eficien\u021b\u0103 \u0219i productivitate maxim\u0103. Misiunea noastr\u0103 este de a face munca agricol\u0103 mai u\u0219oar\u0103, mai accesibil\u0103 \u0219i mai avansat\u0103 tehnologic, oferind solu\u021bii fiabile \u0219i inovatoare.<\/span><\/p>\n<h4><strong>Avantajele noastre<\/strong><\/h4>\n<ol>\n<li><span style=\"font-size: 12pt;\"><strong>Abordare individual\u0103. <\/strong>Dezvoltam echipamente \u021bin\u00e2nd cont de nevoile unice ale fiec\u0103rui client.<\/span><\/li>\n<li><span style=\"font-size: 12pt;\"><strong>Calitate.<\/strong> Toate produsele noastre sunt supuse unui control strict al calit\u0103\u021bii \u00een fiecare etap\u0103 a produc\u021biei.<\/span><\/li>\n<li><span style=\"font-size: 12pt;\"><strong>Inova\u021bie. <\/strong>Folosim tehnologii avansate pentru a oferi solu\u021bii moderne pentru agricultur\u0103.<\/span><\/li>\n<li><span style=\"font-size: 12pt;\"><strong>Asisten\u021b\u0103.<\/strong> Echipa noastr\u0103 ofer\u0103 asisten\u021b\u0103 complet\u0103 &#8211; de la proiectare p\u00e2n\u0103 la punerea \u00een func\u021biune a echipamentului.<\/span><\/li>\n<\/ol>\n<h4><strong>Realiz\u0103rile noastre<\/strong><\/h4>\n<p><span style=\"font-size: 12pt;\">De-a lungul anilor de munc\u0103 noi:<\/span><\/p>\n<ul>\n<li><span style=\"font-size: 12pt;\">Am implementat peste 100 de proiecte mari \u00een diferite \u021b\u0103ri.<\/span><\/li>\n<li><span style=\"font-size: 12pt;\">A primit premii pentru inova\u021bie \u00een fabricarea echipamentelor.<\/span><\/li>\n<li><span style=\"font-size: 12pt;\">Am creat linii automate care i-au ajutat pe clien\u021bii no\u0219tri s\u0103 creasc\u0103 productivitatea cu 30%.<\/span><\/li>\n<\/ul>\n<p>&nbsp;<\/p>\n<p><span style=\"font-size: 12pt;\">Despre noi &#8211; aceasta este Intapack, o echip\u0103 care face imposibilul posibil. Suntem m\u00e2ndri s\u0103 cre\u0103m echipamente care \u00eei ajut\u0103 pe fermieri s\u0103-\u0219i dezvolte afacerea \u0219i s\u0103 ating\u0103 noi culmi.<\/span><\/p>\n<\/div>\n<\/div>\n","protected":false},"excerpt":{"rendered":"<p>Despre noi Ne punem regulat aceast\u0103 \u00eentrebare: cine suntem \u0219i ce putem face? \u0218i de fiecare dat\u0103 r\u0103spunsul la acesta devine din ce \u00een ce mai complex, deoarece conceptul de \u201enoi\u201d cre\u0219te \u00een num\u0103rul membrilor s\u0103i, iar \u201eputem face\u201d se extinde \u00een domeniul de aplicare \u0219i cuno\u0219tin\u021be. Dar un lucru r\u0103m\u00e2ne evident: suntem o echip\u0103 [&hellip;]<\/p>\n","protected":false},"author":1,"featured_media":0,"parent":0,"menu_order":0,"comment_status":"closed","ping_status":"closed","template":"add.php","meta":{"inline_featured_image":false,"ngg_post_thumbnail":0,"footnotes":""},"class_list":["post-50","page","type-page","status-publish","hentry"],"acf":[],"yoast_head":"<!-- This site is optimized with the Yoast SEO plugin v24.2 - https:\/\/yoast.com\/wordpress\/plugins\/seo\/ -->\n<title>Despre noi - Despre noi - Despre noi - Despre noi - Despre noi - Despre noi - Despre noi - Despre noi - Intapack esame profesional\u0173 komanda[:]<\/title>\n<meta name=\"description\" content=\"Despre noi \u2013 suntem produc\u0103tori de echipamente agricole, oferind solu\u021bii fiabile pentru fermieri de orice complexitate.\" \/>\n<meta name=\"robots\" content=\"index, follow, max-snippet:-1, max-image-preview:large, max-video-preview:-1\" \/>\n<link rel=\"canonical\" href=\"https:\/\/intapack.eu\/ro\/about-us\/\" \/>\n<meta property=\"og:locale\" content=\"ro_RO\" \/>\n<meta property=\"og:locale:alternate\" content=\"en_US\" \/>\n<meta property=\"og:locale:alternate\" content=\"ru_RU\" \/>\n<meta property=\"og:locale:alternate\" content=\"pl_PL\" \/>\n<meta property=\"og:locale:alternate\" content=\"cs_CZ\" \/>\n<meta property=\"og:locale:alternate\" content=\"hu_HU\" \/>\n<meta property=\"og:locale:alternate\" content=\"sk_SK\" \/>\n<meta property=\"og:locale:alternate\" content=\"lt_LT\" \/>\n<meta property=\"og:type\" content=\"article\" \/>\n<meta property=\"og:title\" content=\"Despre noiDespre noiDespre noiDespre noiDespre noiDespre noiDespre noiDespre noi\" \/>\n<meta property=\"og:description\" content=\"Despre noi \u2013 suntem produc\u0103tori de echipamente agricole, oferind solu\u021bii fiabile pentru fermieri de orice complexitate.\" \/>\n<meta property=\"og:url\" content=\"https:\/\/intapack.eu\/ro\/about-us\/\" \/>\n<meta property=\"og:site_name\" content=\"Intapack\" \/>\n<meta property=\"article:modified_time\" content=\"2025-04-24T21:50:42+00:00\" \/>\n<meta name=\"twitter:card\" content=\"summary_large_image\" \/>\n<meta name=\"twitter:label1\" content=\"Timp estimat pentru citire\" \/>\n\t<meta name=\"twitter:data1\" content=\"2 minute\" \/>\n<script type=\"application\/ld+json\" class=\"yoast-schema-graph\">{\"@context\":\"https:\/\/schema.org\",\"@graph\":[{\"@type\":\"WebPage\",\"@id\":\"https:\/\/intapack.eu\/lt\/about-us\/\",\"url\":\"https:\/\/intapack.eu\/lt\/about-us\/\",\"name\":\"Despre noiDespre noiDespre noiDespre noiDespre noiDespre noiDespre noiDespre noi\",\"isPartOf\":{\"@id\":\"https:\/\/intapack.eu\/#website\"},\"datePublished\":\"2025-04-24T21:44:40+00:00\",\"dateModified\":\"2025-04-24T21:50:42+00:00\",\"description\":\"Despre noi \u2013 suntem produc\u0103tori de echipamente agricole, oferind solu\u021bii fiabile pentru fermieri de orice complexitate.\",\"breadcrumb\":{\"@id\":\"https:\/\/intapack.eu\/lt\/about-us\/#breadcrumb\"},\"inLanguage\":\"ro-RO\",\"potentialAction\":[{\"@type\":\"ReadAction\",\"target\":[\"https:\/\/intapack.eu\/lt\/about-us\/\"]}]},{\"@type\":\"BreadcrumbList\",\"@id\":\"https:\/\/intapack.eu\/lt\/about-us\/#breadcrumb\",\"itemListElement\":[{\"@type\":\"ListItem\",\"position\":1,\"name\":\"Home\",\"item\":\"https:\/\/intapack.eu\/lt\/\"},{\"@type\":\"ListItem\",\"position\":2,\"name\":\"Apie mus\"}]},{\"@type\":\"WebSite\",\"@id\":\"https:\/\/intapack.eu\/#website\",\"url\":\"https:\/\/intapack.eu\/\",\"name\":\"Intapack\",\"description\":\"Intapack - CEL MAI BUN LOC DE CUMP\u0102RAT ECHIPAMENTE AGRICOLE \u00ceN UCRAINA\",\"publisher\":{\"@id\":\"https:\/\/intapack.eu\/#organization\"},\"potentialAction\":[{\"@type\":\"SearchAction\",\"target\":{\"@type\":\"EntryPoint\",\"urlTemplate\":\"https:\/\/intapack.eu\/?s={search_term_string}\"},\"query-input\":{\"@type\":\"PropertyValueSpecification\",\"valueRequired\":true,\"valueName\":\"search_term_string\"}}],\"inLanguage\":\"ro-RO\"},{\"@type\":\"Organization\",\"@id\":\"https:\/\/intapack.eu\/#organization\",\"name\":\"Intapack\",\"url\":\"https:\/\/intapack.eu\/\",\"logo\":{\"@type\":\"ImageObject\",\"inLanguage\":\"ro-RO\",\"@id\":\"https:\/\/intapack.eu\/#\/schema\/logo\/image\/\",\"url\":\"https:\/\/intapack.eu\/wp-content\/uploads\/2025\/04\/intapack2-logo-601x600-1.png\",\"contentUrl\":\"https:\/\/intapack.eu\/wp-content\/uploads\/2025\/04\/intapack2-logo-601x600-1.png\",\"width\":601,\"height\":600,\"caption\":\"Intapack\"},\"image\":{\"@id\":\"https:\/\/intapack.eu\/#\/schema\/logo\/image\/\"}}]}<\/script>\n<!-- \/ Yoast SEO plugin. -->","yoast_head_json":{"title":"Despre noi - Despre noi - Despre noi - Despre noi - Despre noi - Despre noi - Despre noi - Despre noi - Intapack esame profesional\u0173 komanda[:]","description":"Despre noi \u2013 suntem produc\u0103tori de echipamente agricole, oferind solu\u021bii fiabile pentru fermieri de orice complexitate.","robots":{"index":"index","follow":"follow","max-snippet":"max-snippet:-1","max-image-preview":"max-image-preview:large","max-video-preview":"max-video-preview:-1"},"canonical":"https:\/\/intapack.eu\/ro\/about-us\/","og_locale":"ro_RO","og_type":"article","og_title":"[:en][:en]About us[:ru]\u041e \u043d\u0430\u0441[:pl]O nas[:cs]O n\u00e1s[:hu]R\u00f3lunk[:sk]O n\u00e1s[:ro]Despre noi[:lt]Apie mus[:] - Intapack we are a team of professionals[:ru][:en]About us[:ru]\u041e \u043d\u0430\u0441[:pl]O nas[:cs]O n\u00e1s[:hu]R\u00f3lunk[:sk]O n\u00e1s[:ro]Despre noi[:lt]Apie mus[:] - \u044f\u0432\u043b\u044f\u0435\u043c\u0441\u044f \u043a\u043e\u043c\u0430\u043d\u0434\u043e\u0439 \u043f\u0440\u043e\u0444\u0435\u0441\u0441\u0438\u043e\u043d\u0430\u043b\u043e\u0432[:pl][:en]About us[:ru]\u041e \u043d\u0430\u0441[:pl]O nas[:cs]O n\u00e1s[:hu]R\u00f3lunk[:sk]O n\u00e1s[:ro]Despre noi[:lt]Apie mus[:] - Intapack jeste\u015bmy zespo\u0142em profesjonalist\u00f3w[:cs][:en]About us[:ru]\u041e \u043d\u0430\u0441[:pl]O nas[:cs]O n\u00e1s[:hu]R\u00f3lunk[:sk]O n\u00e1s[:ro]Despre noi[:lt]Apie mus[:] - Intapack jsme t\u00fdm profesion\u00e1l\u016f[:hu][:en]About us[:ru]\u041e \u043d\u0430\u0441[:pl]O nas[:cs]O n\u00e1s[:hu]R\u00f3lunk[:sk]O n\u00e1s[:ro]Despre noi[:lt]Apie mus[:] - Intapack profi csapat vagyunk[:sk][:en]About us[:ru]\u041e \u043d\u0430\u0441[:pl]O nas[:cs]O n\u00e1s[:hu]R\u00f3lunk[:sk]O n\u00e1s[:ro]Despre noi[:lt]Apie mus[:] - Intapack sme t\u00edm profesion\u00e1lov[:ro][:en]About us[:ru]\u041e \u043d\u0430\u0441[:pl]O nas[:cs]O n\u00e1s[:hu]R\u00f3lunk[:sk]O n\u00e1s[:ro]Despre noi[:lt]Apie mus[:] - Intapack suntem o echip\u0103 de profesioni\u0219ti[:lt][:en]About us[:ru]\u041e \u043d\u0430\u0441[:pl]O nas[:cs]O n\u00e1s[:hu]R\u00f3lunk[:sk]O n\u00e1s[:ro]Despre noi[:lt]Apie mus[:] - Intapack esame profesional\u0173 komanda[:]","og_description":"[:en]About us \u2013 we are manufacturers of agricultural equipment, offering reliable solutions for farmers of any complexity.[:ru]\u041e \u043d\u0430\u0441 - Intapack \u043f\u0440\u043e\u0438\u0437\u0432\u043e\u0434\u0438\u0442\u0435\u043b\u0438 \u0441\u0435\u043b\u044c\u0441\u043a\u043e\u0445\u043e\u0437\u044f\u0439\u0441\u0442\u0432\u0435\u043d\u043d\u043e\u0433\u043e \u043e\u0431\u043e\u0440\u0443\u0434\u043e\u0432\u0430\u043d\u0438\u044f, \u043f\u0440\u0435\u0434\u043b\u0430\u0433\u0430\u044e\u0449\u0438\u0439 \u043d\u0430\u0434\u0435\u0436\u043d\u044b\u0435 \u0440\u0435\u0448\u0435\u043d\u0438\u044f \u0434\u043b\u044f \u0430\u0433\u0440\u0430\u0440\u0438\u0435\u0432 \u043b\u044e\u0431\u043e\u0439 \u0441\u043b\u043e\u0436\u043d\u043e\u0441\u0442\u0438.[:pl]O nas \u2013 jeste\u015bmy producentami sprz\u0119tu rolniczego, oferuj\u0105cymi niezawodne rozwi\u0105zania dla rolnik\u00f3w o dowolnym stopniu skomplikowania.[:cs]O n\u00e1s \u2013 jsme v\u00fdrobci zem\u011bd\u011blsk\u00e9 techniky a nab\u00edz\u00edme spolehliv\u00e1 \u0159e\u0161en\u00ed pro zem\u011bd\u011blce jak\u00e9koli slo\u017eitosti.[:hu]R\u00f3lunk \u2013 mez\u0151gazdas\u00e1gi g\u00e9pek gy\u00e1rt\u00f3i vagyunk, megb\u00edzhat\u00f3 megold\u00e1sokat k\u00edn\u00e1lunk b\u00e1rmilyen bonyolults\u00e1g\u00fa gazd\u00e1lkod\u00f3 sz\u00e1m\u00e1ra.[:sk]O n\u00e1s \u2013 sme v\u00fdrobcovia po\u013enohospod\u00e1rskej techniky a pon\u00fakame spo\u013eahliv\u00e9 rie\u0161enia pre farm\u00e1rov akejko\u013evek zlo\u017eitosti.[:ro]Despre noi \u2013 suntem produc\u0103tori de echipamente agricole, oferind solu\u021bii fiabile pentru fermieri de orice complexitate.[:lt]Apie mus \u2013 esame \u017eem\u0117s \u016bkio technikos gamintojai, si\u016blantys patikimus sprendimus bet kokio sud\u0117tingumo \u016bkininkams.[:]","og_url":"https:\/\/intapack.eu\/ro\/about-us\/","og_site_name":"Intapack","article_modified_time":"2025-04-24T21:50:42+00:00","twitter_card":"summary_large_image","twitter_misc":{"Timp estimat pentru citire":"2 minute"},"schema":{"@context":"https:\/\/schema.org","@graph":[{"@type":"WebPage","@id":"https:\/\/intapack.eu\/lt\/about-us\/","url":"https:\/\/intapack.eu\/lt\/about-us\/","name":"Despre noiDespre noiDespre noiDespre noiDespre noiDespre noiDespre noiDespre noi","isPartOf":{"@id":"https:\/\/intapack.eu\/#website"},"datePublished":"2025-04-24T21:44:40+00:00","dateModified":"2025-04-24T21:50:42+00:00","description":"Despre noi \u2013 suntem produc\u0103tori de echipamente agricole, oferind solu\u021bii fiabile pentru fermieri de orice complexitate.","breadcrumb":{"@id":"https:\/\/intapack.eu\/lt\/about-us\/#breadcrumb"},"inLanguage":"ro-RO","potentialAction":[{"@type":"ReadAction","target":["https:\/\/intapack.eu\/lt\/about-us\/"]}]},{"@type":"BreadcrumbList","@id":"https:\/\/intapack.eu\/lt\/about-us\/#breadcrumb","itemListElement":[{"@type":"ListItem","position":1,"name":"Home","item":"https:\/\/intapack.eu\/lt\/"},{"@type":"ListItem","position":2,"name":"Apie mus"}]},{"@type":"WebSite","@id":"https:\/\/intapack.eu\/#website","url":"https:\/\/intapack.eu\/","name":"Intapack","description":"Intapack - CEL MAI BUN LOC DE CUMP\u0102RAT ECHIPAMENTE AGRICOLE \u00ceN UCRAINA","publisher":{"@id":"https:\/\/intapack.eu\/#organization"},"potentialAction":[{"@type":"SearchAction","target":{"@type":"EntryPoint","urlTemplate":"https:\/\/intapack.eu\/?s={search_term_string}"},"query-input":{"@type":"PropertyValueSpecification","valueRequired":true,"valueName":"search_term_string"}}],"inLanguage":"ro-RO"},{"@type":"Organization","@id":"https:\/\/intapack.eu\/#organization","name":"Intapack","url":"https:\/\/intapack.eu\/","logo":{"@type":"ImageObject","inLanguage":"ro-RO","@id":"https:\/\/intapack.eu\/#\/schema\/logo\/image\/","url":"https:\/\/intapack.eu\/wp-content\/uploads\/2025\/04\/intapack2-logo-601x600-1.png","contentUrl":"https:\/\/intapack.eu\/wp-content\/uploads\/2025\/04\/intapack2-logo-601x600-1.png","width":601,"height":600,"caption":"Intapack"},"image":{"@id":"https:\/\/intapack.eu\/#\/schema\/logo\/image\/"}}]}},"_links":{"self":[{"href":"https:\/\/intapack.eu\/ro\/wp-json\/wp\/v2\/pages\/50","targetHints":{"allow":["GET"]}}],"collection":[{"href":"https:\/\/intapack.eu\/ro\/wp-json\/wp\/v2\/pages"}],"about":[{"href":"https:\/\/intapack.eu\/ro\/wp-json\/wp\/v2\/types\/page"}],"author":[{"embeddable":true,"href":"https:\/\/intapack.eu\/ro\/wp-json\/wp\/v2\/users\/1"}],"replies":[{"embeddable":true,"href":"https:\/\/intapack.eu\/ro\/wp-json\/wp\/v2\/comments?post=50"}],"version-history":[{"count":8,"href":"https:\/\/intapack.eu\/ro\/wp-json\/wp\/v2\/pages\/50\/revisions"}],"predecessor-version":[{"id":58,"href":"https:\/\/intapack.eu\/ro\/wp-json\/wp\/v2\/pages\/50\/revisions\/58"}],"wp:attachment":[{"href":"https:\/\/intapack.eu\/ro\/wp-json\/wp\/v2\/media?parent=50"}],"curies":[{"name":"wp","href":"https:\/\/api.w.org\/{rel}","templated":true}]}}