{"id":29,"date":"2025-04-24T22:22:59","date_gmt":"2025-04-24T20:22:59","guid":{"rendered":"https:\/\/intapack.eu\/?page_id=29"},"modified":"2025-04-24T22:27:01","modified_gmt":"2025-04-24T20:27:01","slug":"service","status":"publish","type":"page","link":"https:\/\/intapack.eu\/ro\/service\/","title":{"rendered":"Serviciu"},"content":{"rendered":"<p><span style=\"font-size: 12pt;\">Orice echipament agricol necesit\u0103 instruire \u00een lucrul cu acesta, precum \u0219i inspec\u021bie tehnic\u0103 ulterioar\u0103, lucr\u0103ri de service \u0219i repara\u021bii.<\/span><br \/>\n<span style=\"font-size: 12pt;\">Compania noastr\u0103 v\u0103 va ajuta \u00een acest sens!<\/span><br \/>\n<span style=\"font-size: 12pt;\">Centrul de servicii Intapack ofer\u0103 urm\u0103toarele servicii:<\/span><\/p>\n<ul>\n<li><span style=\"font-size: 12pt;\">Instruirea personalului clientului in lucrul cu echipamentul;<\/span><\/li>\n<li><span style=\"font-size: 12pt;\">Instalarea echipamentelor pe teritoriul clientului;<\/span><\/li>\n<li><span style=\"font-size: 12pt;\">Efectuarea lucr\u0103rilor de punere \u00een func\u021biune pe teritoriul furnizorului sau clientului;<\/span><\/li>\n<li><span style=\"font-size: 12pt;\">Suport informativ pentru clien\u021bi (depanare, reconfigurare etc.);<\/span><\/li>\n<li><span style=\"font-size: 12pt;\">Diagnosticare, reparare, modernizare echipamente de pe teritoriul furnizorului sau clientului;<\/span><\/li>\n<li><span style=\"font-size: 12pt;\">\u00centre\u021binerea echipamentelor pe teritoriul clientului.<\/span><\/li>\n<\/ul>\n<p><span style=\"font-size: 12pt;\"><strong>Informa\u021bii mai detaliate pot fi ob\u021binute de la departamentul de service \u0219i tehnic.<\/strong><\/span><\/p>\n","protected":false},"excerpt":{"rendered":"<p>Orice echipament agricol necesit\u0103 instruire \u00een lucrul cu acesta, precum \u0219i inspec\u021bie tehnic\u0103 ulterioar\u0103, lucr\u0103ri de service \u0219i repara\u021bii. Compania noastr\u0103 v\u0103 va ajuta \u00een acest sens! Centrul de servicii Intapack ofer\u0103 urm\u0103toarele servicii: Instruirea personalului clientului in lucrul cu echipamentul; Instalarea echipamentelor pe teritoriul clientului; Efectuarea lucr\u0103rilor de punere \u00een func\u021biune pe teritoriul furnizorului [&hellip;]<\/p>\n","protected":false},"author":1,"featured_media":0,"parent":0,"menu_order":0,"comment_status":"closed","ping_status":"closed","template":"add.php","meta":{"inline_featured_image":false,"ngg_post_thumbnail":0,"footnotes":""},"class_list":["post-29","page","type-page","status-publish","hentry"],"acf":[],"yoast_head":"<!-- This site is optimized with the Yoast SEO plugin v24.2 - https:\/\/yoast.com\/wordpress\/plugins\/seo\/ -->\n<title>Serviciu - Intapack<\/title>\n<meta name=\"robots\" content=\"index, follow, max-snippet:-1, max-image-preview:large, max-video-preview:-1\" \/>\n<link rel=\"canonical\" href=\"https:\/\/intapack.eu\/ro\/service\/\" \/>\n<meta property=\"og:locale\" content=\"ro_RO\" \/>\n<meta property=\"og:locale:alternate\" content=\"en_US\" \/>\n<meta property=\"og:locale:alternate\" content=\"ru_RU\" \/>\n<meta property=\"og:locale:alternate\" content=\"pl_PL\" \/>\n<meta property=\"og:locale:alternate\" content=\"cs_CZ\" \/>\n<meta property=\"og:locale:alternate\" content=\"hu_HU\" \/>\n<meta property=\"og:locale:alternate\" content=\"sk_SK\" \/>\n<meta property=\"og:locale:alternate\" content=\"lt_LT\" \/>\n<meta property=\"og:type\" content=\"article\" \/>\n<meta property=\"og:title\" content=\"Serviciu\" \/>\n<meta property=\"og:description\" content=\"Orice echipament agricol necesit\u0103 instruire \u00een lucrul cu acesta, precum \u0219i inspec\u021bie tehnic\u0103 ulterioar\u0103, lucr\u0103ri de service \u0219i repara\u021bii. Compania noastr\u0103 v\u0103 va ajuta \u00een acest sens! Centrul de servicii Intapack ofer\u0103 urm\u0103toarele servicii: Instruirea personalului clientului in lucrul cu echipamentul; Instalarea echipamentelor pe teritoriul clientului; Efectuarea lucr\u0103rilor de punere \u00een func\u021biune pe teritoriul furnizorului [&hellip;]\" \/>\n<meta property=\"og:url\" content=\"https:\/\/intapack.eu\/ro\/service\/\" \/>\n<meta property=\"og:site_name\" content=\"Intapack\" \/>\n<meta property=\"article:modified_time\" content=\"2025-04-24T20:27:01+00:00\" \/>\n<meta name=\"twitter:card\" content=\"summary_large_image\" \/>\n<meta name=\"twitter:label1\" content=\"Timp estimat pentru citire\" \/>\n\t<meta name=\"twitter:data1\" content=\"1 minut\" \/>\n<script type=\"application\/ld+json\" class=\"yoast-schema-graph\">{\"@context\":\"https:\/\/schema.org\",\"@graph\":[{\"@type\":\"WebPage\",\"@id\":\"https:\/\/intapack.eu\/lt\/service\/\",\"url\":\"https:\/\/intapack.eu\/lt\/service\/\",\"name\":\"Serviciu\",\"isPartOf\":{\"@id\":\"https:\/\/intapack.eu\/#website\"},\"datePublished\":\"2025-04-24T20:22:59+00:00\",\"dateModified\":\"2025-04-24T20:27:01+00:00\",\"breadcrumb\":{\"@id\":\"https:\/\/intapack.eu\/lt\/service\/#breadcrumb\"},\"inLanguage\":\"ro-RO\",\"potentialAction\":[{\"@type\":\"ReadAction\",\"target\":[\"https:\/\/intapack.eu\/lt\/service\/\"]}]},{\"@type\":\"BreadcrumbList\",\"@id\":\"https:\/\/intapack.eu\/lt\/service\/#breadcrumb\",\"itemListElement\":[{\"@type\":\"ListItem\",\"position\":1,\"name\":\"Home\",\"item\":\"https:\/\/intapack.eu\/lt\/\"},{\"@type\":\"ListItem\",\"position\":2,\"name\":\"Paslauga\"}]},{\"@type\":\"WebSite\",\"@id\":\"https:\/\/intapack.eu\/#website\",\"url\":\"https:\/\/intapack.eu\/\",\"name\":\"Intapack\",\"description\":\"Intapack - CEL MAI BUN LOC DE CUMP\u0102RAT ECHIPAMENTE AGRICOLE \u00ceN UCRAINA\",\"publisher\":{\"@id\":\"https:\/\/intapack.eu\/#organization\"},\"potentialAction\":[{\"@type\":\"SearchAction\",\"target\":{\"@type\":\"EntryPoint\",\"urlTemplate\":\"https:\/\/intapack.eu\/?s={search_term_string}\"},\"query-input\":{\"@type\":\"PropertyValueSpecification\",\"valueRequired\":true,\"valueName\":\"search_term_string\"}}],\"inLanguage\":\"ro-RO\"},{\"@type\":\"Organization\",\"@id\":\"https:\/\/intapack.eu\/#organization\",\"name\":\"Intapack\",\"url\":\"https:\/\/intapack.eu\/\",\"logo\":{\"@type\":\"ImageObject\",\"inLanguage\":\"ro-RO\",\"@id\":\"https:\/\/intapack.eu\/#\/schema\/logo\/image\/\",\"url\":\"https:\/\/intapack.eu\/wp-content\/uploads\/2025\/04\/intapack2-logo-601x600-1.png\",\"contentUrl\":\"https:\/\/intapack.eu\/wp-content\/uploads\/2025\/04\/intapack2-logo-601x600-1.png\",\"width\":601,\"height\":600,\"caption\":\"Intapack\"},\"image\":{\"@id\":\"https:\/\/intapack.eu\/#\/schema\/logo\/image\/\"}}]}<\/script>\n<!-- \/ Yoast SEO plugin. -->","yoast_head_json":{"title":"Serviciu - Intapack","robots":{"index":"index","follow":"follow","max-snippet":"max-snippet:-1","max-image-preview":"max-image-preview:large","max-video-preview":"max-video-preview:-1"},"canonical":"https:\/\/intapack.eu\/ro\/service\/","og_locale":"ro_RO","og_type":"article","og_title":"[:en]Service[:ru]\u0421\u0435\u0440\u0432\u0438\u0441[:pl]Praca[:cs]Servis[:hu]Szolg\u00e1ltat\u00e1s[:sk]Slu\u017eba[:ro]Serviciu[:lt]Paslauga[:] - Intapack","og_description":"Orice echipament agricol necesit\u0103 instruire \u00een lucrul cu acesta, precum \u0219i inspec\u021bie tehnic\u0103 ulterioar\u0103, lucr\u0103ri de service \u0219i repara\u021bii. Compania noastr\u0103 v\u0103 va ajuta \u00een acest sens! Centrul de servicii Intapack ofer\u0103 urm\u0103toarele servicii: Instruirea personalului clientului in lucrul cu echipamentul; Instalarea echipamentelor pe teritoriul clientului; Efectuarea lucr\u0103rilor de punere \u00een func\u021biune pe teritoriul furnizorului [&hellip;]","og_url":"https:\/\/intapack.eu\/ro\/service\/","og_site_name":"Intapack","article_modified_time":"2025-04-24T20:27:01+00:00","twitter_card":"summary_large_image","twitter_misc":{"Timp estimat pentru citire":"1 minut"},"schema":{"@context":"https:\/\/schema.org","@graph":[{"@type":"WebPage","@id":"https:\/\/intapack.eu\/lt\/service\/","url":"https:\/\/intapack.eu\/lt\/service\/","name":"Serviciu","isPartOf":{"@id":"https:\/\/intapack.eu\/#website"},"datePublished":"2025-04-24T20:22:59+00:00","dateModified":"2025-04-24T20:27:01+00:00","breadcrumb":{"@id":"https:\/\/intapack.eu\/lt\/service\/#breadcrumb"},"inLanguage":"ro-RO","potentialAction":[{"@type":"ReadAction","target":["https:\/\/intapack.eu\/lt\/service\/"]}]},{"@type":"BreadcrumbList","@id":"https:\/\/intapack.eu\/lt\/service\/#breadcrumb","itemListElement":[{"@type":"ListItem","position":1,"name":"Home","item":"https:\/\/intapack.eu\/lt\/"},{"@type":"ListItem","position":2,"name":"Paslauga"}]},{"@type":"WebSite","@id":"https:\/\/intapack.eu\/#website","url":"https:\/\/intapack.eu\/","name":"Intapack","description":"Intapack - CEL MAI BUN LOC DE CUMP\u0102RAT ECHIPAMENTE AGRICOLE \u00ceN UCRAINA","publisher":{"@id":"https:\/\/intapack.eu\/#organization"},"potentialAction":[{"@type":"SearchAction","target":{"@type":"EntryPoint","urlTemplate":"https:\/\/intapack.eu\/?s={search_term_string}"},"query-input":{"@type":"PropertyValueSpecification","valueRequired":true,"valueName":"search_term_string"}}],"inLanguage":"ro-RO"},{"@type":"Organization","@id":"https:\/\/intapack.eu\/#organization","name":"Intapack","url":"https:\/\/intapack.eu\/","logo":{"@type":"ImageObject","inLanguage":"ro-RO","@id":"https:\/\/intapack.eu\/#\/schema\/logo\/image\/","url":"https:\/\/intapack.eu\/wp-content\/uploads\/2025\/04\/intapack2-logo-601x600-1.png","contentUrl":"https:\/\/intapack.eu\/wp-content\/uploads\/2025\/04\/intapack2-logo-601x600-1.png","width":601,"height":600,"caption":"Intapack"},"image":{"@id":"https:\/\/intapack.eu\/#\/schema\/logo\/image\/"}}]}},"_links":{"self":[{"href":"https:\/\/intapack.eu\/ro\/wp-json\/wp\/v2\/pages\/29","targetHints":{"allow":["GET"]}}],"collection":[{"href":"https:\/\/intapack.eu\/ro\/wp-json\/wp\/v2\/pages"}],"about":[{"href":"https:\/\/intapack.eu\/ro\/wp-json\/wp\/v2\/types\/page"}],"author":[{"embeddable":true,"href":"https:\/\/intapack.eu\/ro\/wp-json\/wp\/v2\/users\/1"}],"replies":[{"embeddable":true,"href":"https:\/\/intapack.eu\/ro\/wp-json\/wp\/v2\/comments?post=29"}],"version-history":[{"count":8,"href":"https:\/\/intapack.eu\/ro\/wp-json\/wp\/v2\/pages\/29\/revisions"}],"predecessor-version":[{"id":37,"href":"https:\/\/intapack.eu\/ro\/wp-json\/wp\/v2\/pages\/29\/revisions\/37"}],"wp:attachment":[{"href":"https:\/\/intapack.eu\/ro\/wp-json\/wp\/v2\/media?parent=29"}],"curies":[{"name":"wp","href":"https:\/\/api.w.org\/{rel}","templated":true}]}}