{"id":50,"date":"2025-04-24T23:44:40","date_gmt":"2025-04-24T21:44:40","guid":{"rendered":"https:\/\/intapack.eu\/?page_id=50"},"modified":"2025-04-24T23:50:42","modified_gmt":"2025-04-24T21:50:42","slug":"about-us","status":"publish","type":"page","link":"https:\/\/intapack.eu\/pl\/about-us\/","title":{"rendered":"O nas"},"content":{"rendered":"<div class=\"content\">\n<div class=\"zawarto\u015b\u0107\">\n<h3><strong>O nas<\/strong><\/h3>\n<p><span style=\"font-size: 12pt;\">Cz\u0119sto zadajemy sobie to pytanie: kim jeste\u015bmy i co mo\u017cemy zrobi\u0107? A odpowied\u017a na to pytanie staje si\u0119 coraz bardziej z\u0142o\u017cona, w miar\u0119 jak koncepcja \u201emy\u201d ro\u015bnie w liczbie cz\u0142onk\u00f3w, a \u201emy mo\u017cemy\u201d rozszerza si\u0119 pod wzgl\u0119dem skali i wiedzy. Ale jedno pozostaje jasne: jeste\u015bmy sp\u00f3jn\u0105 ca\u0142o\u015bci\u0105, zespo\u0142em zjednoczonym jednym celem i jednymi preferencjami. Kochamy to, co robimy i robimy to z mi\u0142o\u015bci\u0105.<\/span><\/p>\n<p><span style=\"font-size: 12pt;\">Intapack to zesp\u00f3\u0142 profesjonalist\u00f3w, kt\u00f3rzy s\u0105 w stanie rozwi\u0105za\u0107 praktycznie ka\u017cdy problem z zakresu produkt\u00f3w rolnych o dowolnej konfiguracji i z\u0142o\u017cono\u015bci. I nie jest to \u017cadna pochwa\u0142a ani slogan reklamowy, maj\u0105cy na celu odr\u00f3\u017cnienie nas od konkurencji. Od wielu lat d\u0105\u017cyli\u015bmy do realizacji tego aktu, staraj\u0105c si\u0119 zawsze adekwatnie ocenia\u0107 swoje mo\u017cliwo\u015bci, a zgromadzone do\u015bwiadczenie jasno pokazuje, \u017ce w ulubionym biznesie, przy jasno okre\u015blonym celu, granice niemo\u017cliwego si\u0119gaj\u0105 daleko poza horyzont.<\/span><\/p>\n<p><span style=\"font-size: 12pt;\">W ci\u0105gu kilku lat dzia\u0142alno\u015bci nasza produkcja rozros\u0142a si\u0119 od \u201ema\u0142ego\u201d zak\u0142adu produkcyjnego i prostych instalacji do pe\u0142noprawnego kompleksu produkcyjnego, kt\u00f3ry jest w stanie wytwarza\u0107 zautomatyzowane linie o dowolnym poziomie z\u0142o\u017cono\u015bci. Obecnie posiadamy w\u0142asn\u0105 baz\u0119 in\u017cynieryjno-projektow\u0105 i obszary produkcyjne, w sk\u0142ad kt\u00f3rych wchodz\u0105:<\/span><\/p>\n<ul>\n<li><span style=\"font-size: 12pt;\">sekcja ci\u0119cia i siekania metalu,<\/span><\/li>\n<li><span style=\"font-size: 12pt;\">sekcja walcowania prasy,<\/span><\/li>\n<li><span style=\"font-size: 12pt;\">sekcja spawania i lutowania,<\/span><\/li>\n<li><span style=\"font-size: 12pt;\">sklep elektryczny,<\/span><\/li>\n<li><span style=\"font-size: 12pt;\">tokarnia i zak\u0142ad obr\u00f3bki metali,<\/span><\/li>\n<li><span style=\"font-size: 12pt;\">sekcja pneumatyczno-hydrauliczna,<\/span><\/li>\n<li><span style=\"font-size: 12pt;\">sekcja monta\u017cu i regulacji,<\/span><\/li>\n<li><span style=\"font-size: 12pt;\">oraz magazyn do przechowywania zapas\u00f3w, produkt\u00f3w gotowych i poligon do\u015bwiadczalny do demonstrowania wyprodukowanego sprz\u0119tu.<\/span><\/li>\n<\/ul>\n<p><span style=\"font-size: 12pt;\">Produkujemy ponad 100 typ\u00f3w przemys\u0142owych urz\u0105dze\u0144 technologicznych, kt\u00f3re z powodzeniem stosowane s\u0105 w r\u00f3\u017cnych krajach \u015bwiata.<\/span><\/p>\n<p><span style=\"font-size: 12pt;\">Staramy si\u0119 tworzy\u0107 sprz\u0119t, kt\u00f3ry pomaga rolnikom osi\u0105gn\u0105\u0107 maksymaln\u0105 wydajno\u015b\u0107 i produktywno\u015b\u0107. Nasz\u0105 misj\u0105 jest uczynienie pracy w rolnictwie \u0142atwiejsz\u0105, bardziej dost\u0119pn\u0105 i bardziej zaawansowan\u0105 technologicznie poprzez dostarczanie niezawodnych i innowacyjnych rozwi\u0105za\u0144.<\/span><\/p>\n<p><span style=\"font-size: 12pt;\"><strong>Nasze zalety<\/strong><\/span><\/p>\n<ol>\n<li><span style=\"font-size: 12pt;\"><strong>Indywidualne podej\u015bcie.<\/strong> Opracowujemy sprz\u0119t bior\u0105c pod uwag\u0119 wyj\u0105tkowe potrzeby ka\u017cdego klienta.<\/span><\/li>\n<li><span style=\"font-size: 12pt;\"><strong>Jako\u015b\u0107.<\/strong> Wszystkie nasze produkty przechodz\u0105 rygorystyczn\u0105 kontrol\u0119 jako\u015bci na ka\u017cdym etapie produkcji.<\/span><\/li>\n<li><span style=\"font-size: 12pt;\"><strong>Innowacja.<\/strong> Wykorzystujemy zaawansowane technologie, aby oferowa\u0107 nowoczesne rozwi\u0105zania dla rolnictwa.<\/span><\/li>\n<li><span style=\"font-size: 12pt;\"><strong>Wsparcie.<\/strong> Nasz zesp\u00f3\u0142 zapewnia pe\u0142ne wsparcie &#8211; od projektu po uruchomienie sprz\u0119tu.<\/span><\/li>\n<\/ol>\n<h4><span style=\"font-size: 12pt;\"><strong>Nasze osi\u0105gni\u0119cia<\/strong><\/span><\/h4>\n<p><span style=\"font-size: 12pt;\">Na przestrzeni lat:<\/span><\/p>\n<ul>\n<li><span style=\"font-size: 12pt;\">Zrealizowali\u015bmy ponad 100 du\u017cych projekt\u00f3w w r\u00f3\u017cnych krajach.<\/span><\/li>\n<li><span style=\"font-size: 12pt;\">Otrzyma\u0142 nagrody za innowacyjno\u015b\u0107 w produkcji sprz\u0119tu.<\/span><\/li>\n<li><span style=\"font-size: 12pt;\">Stworzyli\u015bmy zautomatyzowane linie, kt\u00f3re pomog\u0142y naszym klientom zwi\u0119kszy\u0107 produktywno\u015b\u0107 o 30%.<\/span><\/li>\n<\/ul>\n<p>&nbsp;<\/p>\n<p><span style=\"font-size: 12pt;\">O nas \u2013 Oto Intapack, zesp\u00f3\u0142, kt\u00f3ry sprawia, \u017ce \u200b\u200bniemo\u017cliwe staje si\u0119 mo\u017cliwe. Jeste\u015bmy dumni, \u017ce tworzymy sprz\u0119t, kt\u00f3ry pomaga rolnikom rozwija\u0107 ich dzia\u0142alno\u015b\u0107 i osi\u0105ga\u0107 nowe szczyty.<\/span><\/p>\n<\/div>\n<\/div>\n","protected":false},"excerpt":{"rendered":"<p>O nas Cz\u0119sto zadajemy sobie to pytanie: kim jeste\u015bmy i co mo\u017cemy zrobi\u0107? A odpowied\u017a na to pytanie staje si\u0119 coraz bardziej z\u0142o\u017cona, w miar\u0119 jak koncepcja \u201emy\u201d ro\u015bnie w liczbie cz\u0142onk\u00f3w, a \u201emy mo\u017cemy\u201d rozszerza si\u0119 pod wzgl\u0119dem skali i wiedzy. Ale jedno pozostaje jasne: jeste\u015bmy sp\u00f3jn\u0105 ca\u0142o\u015bci\u0105, zespo\u0142em zjednoczonym jednym celem i jednymi [&hellip;]<\/p>\n","protected":false},"author":1,"featured_media":0,"parent":0,"menu_order":0,"comment_status":"closed","ping_status":"closed","template":"add.php","meta":{"inline_featured_image":false,"ngg_post_thumbnail":0,"footnotes":""},"class_list":["post-50","page","type-page","status-publish","hentry"],"acf":[],"yoast_head":"<!-- This site is optimized with the Yoast SEO plugin v24.2 - https:\/\/yoast.com\/wordpress\/plugins\/seo\/ -->\n<title>O nas - O nas - O nas - O nas - O nas - O nas - O nas - O nas - Intapack esame profesional\u0173 komanda[:]<\/title>\n<meta name=\"description\" content=\"O nas \u2013 jeste\u015bmy producentami sprz\u0119tu rolniczego, oferuj\u0105cymi niezawodne rozwi\u0105zania dla rolnik\u00f3w o dowolnym stopniu skomplikowania.\" \/>\n<meta name=\"robots\" content=\"index, follow, max-snippet:-1, max-image-preview:large, max-video-preview:-1\" \/>\n<link rel=\"canonical\" href=\"https:\/\/intapack.eu\/pl\/about-us\/\" \/>\n<meta property=\"og:locale\" content=\"pl_PL\" \/>\n<meta property=\"og:locale:alternate\" content=\"en_US\" \/>\n<meta property=\"og:locale:alternate\" content=\"ru_RU\" \/>\n<meta property=\"og:locale:alternate\" content=\"cs_CZ\" \/>\n<meta property=\"og:locale:alternate\" content=\"hu_HU\" \/>\n<meta property=\"og:locale:alternate\" content=\"sk_SK\" \/>\n<meta property=\"og:locale:alternate\" content=\"ro_RO\" \/>\n<meta property=\"og:locale:alternate\" content=\"lt_LT\" \/>\n<meta property=\"og:type\" content=\"article\" \/>\n<meta property=\"og:title\" content=\"O nasO nasO nasO nasO nasO nasO nasO nas\" \/>\n<meta property=\"og:description\" content=\"O nas \u2013 jeste\u015bmy producentami sprz\u0119tu rolniczego, oferuj\u0105cymi niezawodne rozwi\u0105zania dla rolnik\u00f3w o dowolnym stopniu skomplikowania.\" \/>\n<meta property=\"og:url\" content=\"https:\/\/intapack.eu\/pl\/about-us\/\" \/>\n<meta property=\"og:site_name\" content=\"Intapack\" \/>\n<meta property=\"article:modified_time\" content=\"2025-04-24T21:50:42+00:00\" \/>\n<meta name=\"twitter:card\" content=\"summary_large_image\" \/>\n<meta name=\"twitter:label1\" content=\"Szacowany czas czytania\" \/>\n\t<meta name=\"twitter:data1\" content=\"2 minuty\" \/>\n<script type=\"application\/ld+json\" class=\"yoast-schema-graph\">{\"@context\":\"https:\/\/schema.org\",\"@graph\":[{\"@type\":\"WebPage\",\"@id\":\"https:\/\/intapack.eu\/lt\/about-us\/\",\"url\":\"https:\/\/intapack.eu\/lt\/about-us\/\",\"name\":\"O nasO nasO nasO nasO nasO nasO nasO nas\",\"isPartOf\":{\"@id\":\"https:\/\/intapack.eu\/#website\"},\"datePublished\":\"2025-04-24T21:44:40+00:00\",\"dateModified\":\"2025-04-24T21:50:42+00:00\",\"description\":\"O nas \u2013 jeste\u015bmy producentami sprz\u0119tu rolniczego, oferuj\u0105cymi niezawodne rozwi\u0105zania dla rolnik\u00f3w o dowolnym stopniu skomplikowania.\",\"breadcrumb\":{\"@id\":\"https:\/\/intapack.eu\/lt\/about-us\/#breadcrumb\"},\"inLanguage\":\"pl-PL\",\"potentialAction\":[{\"@type\":\"ReadAction\",\"target\":[\"https:\/\/intapack.eu\/lt\/about-us\/\"]}]},{\"@type\":\"BreadcrumbList\",\"@id\":\"https:\/\/intapack.eu\/lt\/about-us\/#breadcrumb\",\"itemListElement\":[{\"@type\":\"ListItem\",\"position\":1,\"name\":\"Home\",\"item\":\"https:\/\/intapack.eu\/lt\/\"},{\"@type\":\"ListItem\",\"position\":2,\"name\":\"Apie mus\"}]},{\"@type\":\"WebSite\",\"@id\":\"https:\/\/intapack.eu\/#website\",\"url\":\"https:\/\/intapack.eu\/\",\"name\":\"Intapack\",\"description\":\"Intapack - NAJLEPSZE MIEJSCE DO ZAKUPU SPRZ\u0118TU ROLNICZEGO NA UKRAINIE\",\"publisher\":{\"@id\":\"https:\/\/intapack.eu\/#organization\"},\"potentialAction\":[{\"@type\":\"SearchAction\",\"target\":{\"@type\":\"EntryPoint\",\"urlTemplate\":\"https:\/\/intapack.eu\/?s={search_term_string}\"},\"query-input\":{\"@type\":\"PropertyValueSpecification\",\"valueRequired\":true,\"valueName\":\"search_term_string\"}}],\"inLanguage\":\"pl-PL\"},{\"@type\":\"Organization\",\"@id\":\"https:\/\/intapack.eu\/#organization\",\"name\":\"Intapack\",\"url\":\"https:\/\/intapack.eu\/\",\"logo\":{\"@type\":\"ImageObject\",\"inLanguage\":\"pl-PL\",\"@id\":\"https:\/\/intapack.eu\/#\/schema\/logo\/image\/\",\"url\":\"https:\/\/intapack.eu\/wp-content\/uploads\/2025\/04\/intapack2-logo-601x600-1.png\",\"contentUrl\":\"https:\/\/intapack.eu\/wp-content\/uploads\/2025\/04\/intapack2-logo-601x600-1.png\",\"width\":601,\"height\":600,\"caption\":\"Intapack\"},\"image\":{\"@id\":\"https:\/\/intapack.eu\/#\/schema\/logo\/image\/\"}}]}<\/script>\n<!-- \/ Yoast SEO plugin. -->","yoast_head_json":{"title":"O nas - O nas - O nas - O nas - O nas - O nas - O nas - O nas - Intapack esame profesional\u0173 komanda[:]","description":"O nas \u2013 jeste\u015bmy producentami sprz\u0119tu rolniczego, oferuj\u0105cymi niezawodne rozwi\u0105zania dla rolnik\u00f3w o dowolnym stopniu skomplikowania.","robots":{"index":"index","follow":"follow","max-snippet":"max-snippet:-1","max-image-preview":"max-image-preview:large","max-video-preview":"max-video-preview:-1"},"canonical":"https:\/\/intapack.eu\/pl\/about-us\/","og_locale":"pl_PL","og_type":"article","og_title":"[:en][:en]About us[:ru]\u041e \u043d\u0430\u0441[:pl]O nas[:cs]O n\u00e1s[:hu]R\u00f3lunk[:sk]O n\u00e1s[:ro]Despre noi[:lt]Apie mus[:] - Intapack we are a team of professionals[:ru][:en]About us[:ru]\u041e \u043d\u0430\u0441[:pl]O nas[:cs]O n\u00e1s[:hu]R\u00f3lunk[:sk]O n\u00e1s[:ro]Despre noi[:lt]Apie mus[:] - \u044f\u0432\u043b\u044f\u0435\u043c\u0441\u044f \u043a\u043e\u043c\u0430\u043d\u0434\u043e\u0439 \u043f\u0440\u043e\u0444\u0435\u0441\u0441\u0438\u043e\u043d\u0430\u043b\u043e\u0432[:pl][:en]About us[:ru]\u041e \u043d\u0430\u0441[:pl]O nas[:cs]O n\u00e1s[:hu]R\u00f3lunk[:sk]O n\u00e1s[:ro]Despre noi[:lt]Apie mus[:] - Intapack jeste\u015bmy zespo\u0142em profesjonalist\u00f3w[:cs][:en]About us[:ru]\u041e \u043d\u0430\u0441[:pl]O nas[:cs]O n\u00e1s[:hu]R\u00f3lunk[:sk]O n\u00e1s[:ro]Despre noi[:lt]Apie mus[:] - Intapack jsme t\u00fdm profesion\u00e1l\u016f[:hu][:en]About us[:ru]\u041e \u043d\u0430\u0441[:pl]O nas[:cs]O n\u00e1s[:hu]R\u00f3lunk[:sk]O n\u00e1s[:ro]Despre noi[:lt]Apie mus[:] - Intapack profi csapat vagyunk[:sk][:en]About us[:ru]\u041e \u043d\u0430\u0441[:pl]O nas[:cs]O n\u00e1s[:hu]R\u00f3lunk[:sk]O n\u00e1s[:ro]Despre noi[:lt]Apie mus[:] - Intapack sme t\u00edm profesion\u00e1lov[:ro][:en]About us[:ru]\u041e \u043d\u0430\u0441[:pl]O nas[:cs]O n\u00e1s[:hu]R\u00f3lunk[:sk]O n\u00e1s[:ro]Despre noi[:lt]Apie mus[:] - Intapack suntem o echip\u0103 de profesioni\u0219ti[:lt][:en]About us[:ru]\u041e \u043d\u0430\u0441[:pl]O nas[:cs]O n\u00e1s[:hu]R\u00f3lunk[:sk]O n\u00e1s[:ro]Despre noi[:lt]Apie mus[:] - Intapack esame profesional\u0173 komanda[:]","og_description":"[:en]About us \u2013 we are manufacturers of agricultural equipment, offering reliable solutions for farmers of any complexity.[:ru]\u041e \u043d\u0430\u0441 - Intapack \u043f\u0440\u043e\u0438\u0437\u0432\u043e\u0434\u0438\u0442\u0435\u043b\u0438 \u0441\u0435\u043b\u044c\u0441\u043a\u043e\u0445\u043e\u0437\u044f\u0439\u0441\u0442\u0432\u0435\u043d\u043d\u043e\u0433\u043e \u043e\u0431\u043e\u0440\u0443\u0434\u043e\u0432\u0430\u043d\u0438\u044f, \u043f\u0440\u0435\u0434\u043b\u0430\u0433\u0430\u044e\u0449\u0438\u0439 \u043d\u0430\u0434\u0435\u0436\u043d\u044b\u0435 \u0440\u0435\u0448\u0435\u043d\u0438\u044f \u0434\u043b\u044f \u0430\u0433\u0440\u0430\u0440\u0438\u0435\u0432 \u043b\u044e\u0431\u043e\u0439 \u0441\u043b\u043e\u0436\u043d\u043e\u0441\u0442\u0438.[:pl]O nas \u2013 jeste\u015bmy producentami sprz\u0119tu rolniczego, oferuj\u0105cymi niezawodne rozwi\u0105zania dla rolnik\u00f3w o dowolnym stopniu skomplikowania.[:cs]O n\u00e1s \u2013 jsme v\u00fdrobci zem\u011bd\u011blsk\u00e9 techniky a nab\u00edz\u00edme spolehliv\u00e1 \u0159e\u0161en\u00ed pro zem\u011bd\u011blce jak\u00e9koli slo\u017eitosti.[:hu]R\u00f3lunk \u2013 mez\u0151gazdas\u00e1gi g\u00e9pek gy\u00e1rt\u00f3i vagyunk, megb\u00edzhat\u00f3 megold\u00e1sokat k\u00edn\u00e1lunk b\u00e1rmilyen bonyolults\u00e1g\u00fa gazd\u00e1lkod\u00f3 sz\u00e1m\u00e1ra.[:sk]O n\u00e1s \u2013 sme v\u00fdrobcovia po\u013enohospod\u00e1rskej techniky a pon\u00fakame spo\u013eahliv\u00e9 rie\u0161enia pre farm\u00e1rov akejko\u013evek zlo\u017eitosti.[:ro]Despre noi \u2013 suntem produc\u0103tori de echipamente agricole, oferind solu\u021bii fiabile pentru fermieri de orice complexitate.[:lt]Apie mus \u2013 esame \u017eem\u0117s \u016bkio technikos gamintojai, si\u016blantys patikimus sprendimus bet kokio sud\u0117tingumo \u016bkininkams.[:]","og_url":"https:\/\/intapack.eu\/pl\/about-us\/","og_site_name":"Intapack","article_modified_time":"2025-04-24T21:50:42+00:00","twitter_card":"summary_large_image","twitter_misc":{"Szacowany czas czytania":"2 minuty"},"schema":{"@context":"https:\/\/schema.org","@graph":[{"@type":"WebPage","@id":"https:\/\/intapack.eu\/lt\/about-us\/","url":"https:\/\/intapack.eu\/lt\/about-us\/","name":"O nasO nasO nasO nasO nasO nasO nasO nas","isPartOf":{"@id":"https:\/\/intapack.eu\/#website"},"datePublished":"2025-04-24T21:44:40+00:00","dateModified":"2025-04-24T21:50:42+00:00","description":"O nas \u2013 jeste\u015bmy producentami sprz\u0119tu rolniczego, oferuj\u0105cymi niezawodne rozwi\u0105zania dla rolnik\u00f3w o dowolnym stopniu skomplikowania.","breadcrumb":{"@id":"https:\/\/intapack.eu\/lt\/about-us\/#breadcrumb"},"inLanguage":"pl-PL","potentialAction":[{"@type":"ReadAction","target":["https:\/\/intapack.eu\/lt\/about-us\/"]}]},{"@type":"BreadcrumbList","@id":"https:\/\/intapack.eu\/lt\/about-us\/#breadcrumb","itemListElement":[{"@type":"ListItem","position":1,"name":"Home","item":"https:\/\/intapack.eu\/lt\/"},{"@type":"ListItem","position":2,"name":"Apie mus"}]},{"@type":"WebSite","@id":"https:\/\/intapack.eu\/#website","url":"https:\/\/intapack.eu\/","name":"Intapack","description":"Intapack - NAJLEPSZE MIEJSCE DO ZAKUPU SPRZ\u0118TU ROLNICZEGO NA UKRAINIE","publisher":{"@id":"https:\/\/intapack.eu\/#organization"},"potentialAction":[{"@type":"SearchAction","target":{"@type":"EntryPoint","urlTemplate":"https:\/\/intapack.eu\/?s={search_term_string}"},"query-input":{"@type":"PropertyValueSpecification","valueRequired":true,"valueName":"search_term_string"}}],"inLanguage":"pl-PL"},{"@type":"Organization","@id":"https:\/\/intapack.eu\/#organization","name":"Intapack","url":"https:\/\/intapack.eu\/","logo":{"@type":"ImageObject","inLanguage":"pl-PL","@id":"https:\/\/intapack.eu\/#\/schema\/logo\/image\/","url":"https:\/\/intapack.eu\/wp-content\/uploads\/2025\/04\/intapack2-logo-601x600-1.png","contentUrl":"https:\/\/intapack.eu\/wp-content\/uploads\/2025\/04\/intapack2-logo-601x600-1.png","width":601,"height":600,"caption":"Intapack"},"image":{"@id":"https:\/\/intapack.eu\/#\/schema\/logo\/image\/"}}]}},"_links":{"self":[{"href":"https:\/\/intapack.eu\/pl\/wp-json\/wp\/v2\/pages\/50","targetHints":{"allow":["GET"]}}],"collection":[{"href":"https:\/\/intapack.eu\/pl\/wp-json\/wp\/v2\/pages"}],"about":[{"href":"https:\/\/intapack.eu\/pl\/wp-json\/wp\/v2\/types\/page"}],"author":[{"embeddable":true,"href":"https:\/\/intapack.eu\/pl\/wp-json\/wp\/v2\/users\/1"}],"replies":[{"embeddable":true,"href":"https:\/\/intapack.eu\/pl\/wp-json\/wp\/v2\/comments?post=50"}],"version-history":[{"count":8,"href":"https:\/\/intapack.eu\/pl\/wp-json\/wp\/v2\/pages\/50\/revisions"}],"predecessor-version":[{"id":58,"href":"https:\/\/intapack.eu\/pl\/wp-json\/wp\/v2\/pages\/50\/revisions\/58"}],"wp:attachment":[{"href":"https:\/\/intapack.eu\/pl\/wp-json\/wp\/v2\/media?parent=50"}],"curies":[{"name":"wp","href":"https:\/\/api.w.org\/{rel}","templated":true}]}}