{"id":29,"date":"2025-04-24T22:22:59","date_gmt":"2025-04-24T20:22:59","guid":{"rendered":"https:\/\/intapack.eu\/?page_id=29"},"modified":"2025-04-24T22:27:01","modified_gmt":"2025-04-24T20:27:01","slug":"service","status":"publish","type":"page","link":"https:\/\/intapack.eu\/pl\/service\/","title":{"rendered":"Praca"},"content":{"rendered":"<p><span style=\"font-size: 12pt;\">Ka\u017cdy sprz\u0119t rolniczy wymaga przeszkolenia w zakresie pracy z nim, a tak\u017ce dalszych przegl\u0105d\u00f3w technicznych, prac serwisowych i naprawczych.<\/span><br \/>\n<span style=\"font-size: 12pt;\">Nasza firma pomo\u017ce Ci w tym!<\/span><br \/>\n<span style=\"font-size: 12pt;\">Centrum serwisowe Intapack \u015bwiadczy nast\u0119puj\u0105ce us\u0142ugi:<\/span><\/p>\n<ul>\n<li><span style=\"font-size: 12pt;\">Szkolenie personelu klienta w zakresie pracy ze sprz\u0119tem;<\/span><\/li>\n<li><span style=\"font-size: 12pt;\">Monta\u017c sprz\u0119tu na terenie klienta;<\/span><\/li>\n<li><span style=\"font-size: 12pt;\">Przeprowadzanie prac uruchomieniowych na terenie dostawcy lub klienta;<\/span><\/li>\n<li><span style=\"font-size: 12pt;\">Informacyjne wsparcie klienta (rozwi\u0105zywanie problem\u00f3w, rekonfiguracja itp.);<\/span><\/li>\n<li><span style=\"font-size: 12pt;\">Diagnostyka, naprawa, modernizacja sprz\u0119tu na terenie dostawcy lub klienta;<\/span><\/li>\n<li><span style=\"font-size: 12pt;\">Konserwacja sprz\u0119tu na terenie klienta.<\/span><\/li>\n<\/ul>\n<p><span style=\"font-size: 12pt;\"><strong>Bardziej szczeg\u00f3\u0142owe informacje mo\u017cna uzyska\u0107 w dziale serwisowo-technicznym.<\/strong><\/span><\/p>\n","protected":false},"excerpt":{"rendered":"<p>Ka\u017cdy sprz\u0119t rolniczy wymaga przeszkolenia w zakresie pracy z nim, a tak\u017ce dalszych przegl\u0105d\u00f3w technicznych, prac serwisowych i naprawczych. Nasza firma pomo\u017ce Ci w tym! Centrum serwisowe Intapack \u015bwiadczy nast\u0119puj\u0105ce us\u0142ugi: Szkolenie personelu klienta w zakresie pracy ze sprz\u0119tem; Monta\u017c sprz\u0119tu na terenie klienta; Przeprowadzanie prac uruchomieniowych na terenie dostawcy lub klienta; Informacyjne wsparcie klienta [&hellip;]<\/p>\n","protected":false},"author":1,"featured_media":0,"parent":0,"menu_order":0,"comment_status":"closed","ping_status":"closed","template":"add.php","meta":{"inline_featured_image":false,"ngg_post_thumbnail":0,"footnotes":""},"class_list":["post-29","page","type-page","status-publish","hentry"],"acf":[],"yoast_head":"<!-- This site is optimized with the Yoast SEO plugin v24.2 - https:\/\/yoast.com\/wordpress\/plugins\/seo\/ -->\n<title>Praca - Intapack<\/title>\n<meta name=\"robots\" content=\"index, follow, max-snippet:-1, max-image-preview:large, max-video-preview:-1\" \/>\n<link rel=\"canonical\" href=\"https:\/\/intapack.eu\/pl\/service\/\" \/>\n<meta property=\"og:locale\" content=\"pl_PL\" \/>\n<meta property=\"og:locale:alternate\" content=\"en_US\" \/>\n<meta property=\"og:locale:alternate\" content=\"ru_RU\" \/>\n<meta property=\"og:locale:alternate\" content=\"cs_CZ\" \/>\n<meta property=\"og:locale:alternate\" content=\"hu_HU\" \/>\n<meta property=\"og:locale:alternate\" content=\"sk_SK\" \/>\n<meta property=\"og:locale:alternate\" content=\"ro_RO\" \/>\n<meta property=\"og:locale:alternate\" content=\"lt_LT\" \/>\n<meta property=\"og:type\" content=\"article\" \/>\n<meta property=\"og:title\" content=\"Praca\" \/>\n<meta property=\"og:description\" content=\"Ka\u017cdy sprz\u0119t rolniczy wymaga przeszkolenia w zakresie pracy z nim, a tak\u017ce dalszych przegl\u0105d\u00f3w technicznych, prac serwisowych i naprawczych. Nasza firma pomo\u017ce Ci w tym! Centrum serwisowe Intapack \u015bwiadczy nast\u0119puj\u0105ce us\u0142ugi: Szkolenie personelu klienta w zakresie pracy ze sprz\u0119tem; Monta\u017c sprz\u0119tu na terenie klienta; Przeprowadzanie prac uruchomieniowych na terenie dostawcy lub klienta; Informacyjne wsparcie klienta [&hellip;]\" \/>\n<meta property=\"og:url\" content=\"https:\/\/intapack.eu\/pl\/service\/\" \/>\n<meta property=\"og:site_name\" content=\"Intapack\" \/>\n<meta property=\"article:modified_time\" content=\"2025-04-24T20:27:01+00:00\" \/>\n<meta name=\"twitter:card\" content=\"summary_large_image\" \/>\n<meta name=\"twitter:label1\" content=\"Szacowany czas czytania\" \/>\n\t<meta name=\"twitter:data1\" content=\"1 minuta\" \/>\n<script type=\"application\/ld+json\" class=\"yoast-schema-graph\">{\"@context\":\"https:\/\/schema.org\",\"@graph\":[{\"@type\":\"WebPage\",\"@id\":\"https:\/\/intapack.eu\/lt\/service\/\",\"url\":\"https:\/\/intapack.eu\/lt\/service\/\",\"name\":\"Praca\",\"isPartOf\":{\"@id\":\"https:\/\/intapack.eu\/#website\"},\"datePublished\":\"2025-04-24T20:22:59+00:00\",\"dateModified\":\"2025-04-24T20:27:01+00:00\",\"breadcrumb\":{\"@id\":\"https:\/\/intapack.eu\/lt\/service\/#breadcrumb\"},\"inLanguage\":\"pl-PL\",\"potentialAction\":[{\"@type\":\"ReadAction\",\"target\":[\"https:\/\/intapack.eu\/lt\/service\/\"]}]},{\"@type\":\"BreadcrumbList\",\"@id\":\"https:\/\/intapack.eu\/lt\/service\/#breadcrumb\",\"itemListElement\":[{\"@type\":\"ListItem\",\"position\":1,\"name\":\"Home\",\"item\":\"https:\/\/intapack.eu\/lt\/\"},{\"@type\":\"ListItem\",\"position\":2,\"name\":\"Paslauga\"}]},{\"@type\":\"WebSite\",\"@id\":\"https:\/\/intapack.eu\/#website\",\"url\":\"https:\/\/intapack.eu\/\",\"name\":\"Intapack\",\"description\":\"Intapack - NAJLEPSZE MIEJSCE DO ZAKUPU SPRZ\u0118TU ROLNICZEGO NA UKRAINIE\",\"publisher\":{\"@id\":\"https:\/\/intapack.eu\/#organization\"},\"potentialAction\":[{\"@type\":\"SearchAction\",\"target\":{\"@type\":\"EntryPoint\",\"urlTemplate\":\"https:\/\/intapack.eu\/?s={search_term_string}\"},\"query-input\":{\"@type\":\"PropertyValueSpecification\",\"valueRequired\":true,\"valueName\":\"search_term_string\"}}],\"inLanguage\":\"pl-PL\"},{\"@type\":\"Organization\",\"@id\":\"https:\/\/intapack.eu\/#organization\",\"name\":\"Intapack\",\"url\":\"https:\/\/intapack.eu\/\",\"logo\":{\"@type\":\"ImageObject\",\"inLanguage\":\"pl-PL\",\"@id\":\"https:\/\/intapack.eu\/#\/schema\/logo\/image\/\",\"url\":\"https:\/\/intapack.eu\/wp-content\/uploads\/2025\/04\/intapack2-logo-601x600-1.png\",\"contentUrl\":\"https:\/\/intapack.eu\/wp-content\/uploads\/2025\/04\/intapack2-logo-601x600-1.png\",\"width\":601,\"height\":600,\"caption\":\"Intapack\"},\"image\":{\"@id\":\"https:\/\/intapack.eu\/#\/schema\/logo\/image\/\"}}]}<\/script>\n<!-- \/ Yoast SEO plugin. -->","yoast_head_json":{"title":"Praca - Intapack","robots":{"index":"index","follow":"follow","max-snippet":"max-snippet:-1","max-image-preview":"max-image-preview:large","max-video-preview":"max-video-preview:-1"},"canonical":"https:\/\/intapack.eu\/pl\/service\/","og_locale":"pl_PL","og_type":"article","og_title":"[:en]Service[:ru]\u0421\u0435\u0440\u0432\u0438\u0441[:pl]Praca[:cs]Servis[:hu]Szolg\u00e1ltat\u00e1s[:sk]Slu\u017eba[:ro]Serviciu[:lt]Paslauga[:] - Intapack","og_description":"Ka\u017cdy sprz\u0119t rolniczy wymaga przeszkolenia w zakresie pracy z nim, a tak\u017ce dalszych przegl\u0105d\u00f3w technicznych, prac serwisowych i naprawczych. Nasza firma pomo\u017ce Ci w tym! Centrum serwisowe Intapack \u015bwiadczy nast\u0119puj\u0105ce us\u0142ugi: Szkolenie personelu klienta w zakresie pracy ze sprz\u0119tem; Monta\u017c sprz\u0119tu na terenie klienta; Przeprowadzanie prac uruchomieniowych na terenie dostawcy lub klienta; Informacyjne wsparcie klienta [&hellip;]","og_url":"https:\/\/intapack.eu\/pl\/service\/","og_site_name":"Intapack","article_modified_time":"2025-04-24T20:27:01+00:00","twitter_card":"summary_large_image","twitter_misc":{"Szacowany czas czytania":"1 minuta"},"schema":{"@context":"https:\/\/schema.org","@graph":[{"@type":"WebPage","@id":"https:\/\/intapack.eu\/lt\/service\/","url":"https:\/\/intapack.eu\/lt\/service\/","name":"Praca","isPartOf":{"@id":"https:\/\/intapack.eu\/#website"},"datePublished":"2025-04-24T20:22:59+00:00","dateModified":"2025-04-24T20:27:01+00:00","breadcrumb":{"@id":"https:\/\/intapack.eu\/lt\/service\/#breadcrumb"},"inLanguage":"pl-PL","potentialAction":[{"@type":"ReadAction","target":["https:\/\/intapack.eu\/lt\/service\/"]}]},{"@type":"BreadcrumbList","@id":"https:\/\/intapack.eu\/lt\/service\/#breadcrumb","itemListElement":[{"@type":"ListItem","position":1,"name":"Home","item":"https:\/\/intapack.eu\/lt\/"},{"@type":"ListItem","position":2,"name":"Paslauga"}]},{"@type":"WebSite","@id":"https:\/\/intapack.eu\/#website","url":"https:\/\/intapack.eu\/","name":"Intapack","description":"Intapack - NAJLEPSZE MIEJSCE DO ZAKUPU SPRZ\u0118TU ROLNICZEGO NA UKRAINIE","publisher":{"@id":"https:\/\/intapack.eu\/#organization"},"potentialAction":[{"@type":"SearchAction","target":{"@type":"EntryPoint","urlTemplate":"https:\/\/intapack.eu\/?s={search_term_string}"},"query-input":{"@type":"PropertyValueSpecification","valueRequired":true,"valueName":"search_term_string"}}],"inLanguage":"pl-PL"},{"@type":"Organization","@id":"https:\/\/intapack.eu\/#organization","name":"Intapack","url":"https:\/\/intapack.eu\/","logo":{"@type":"ImageObject","inLanguage":"pl-PL","@id":"https:\/\/intapack.eu\/#\/schema\/logo\/image\/","url":"https:\/\/intapack.eu\/wp-content\/uploads\/2025\/04\/intapack2-logo-601x600-1.png","contentUrl":"https:\/\/intapack.eu\/wp-content\/uploads\/2025\/04\/intapack2-logo-601x600-1.png","width":601,"height":600,"caption":"Intapack"},"image":{"@id":"https:\/\/intapack.eu\/#\/schema\/logo\/image\/"}}]}},"_links":{"self":[{"href":"https:\/\/intapack.eu\/pl\/wp-json\/wp\/v2\/pages\/29","targetHints":{"allow":["GET"]}}],"collection":[{"href":"https:\/\/intapack.eu\/pl\/wp-json\/wp\/v2\/pages"}],"about":[{"href":"https:\/\/intapack.eu\/pl\/wp-json\/wp\/v2\/types\/page"}],"author":[{"embeddable":true,"href":"https:\/\/intapack.eu\/pl\/wp-json\/wp\/v2\/users\/1"}],"replies":[{"embeddable":true,"href":"https:\/\/intapack.eu\/pl\/wp-json\/wp\/v2\/comments?post=29"}],"version-history":[{"count":8,"href":"https:\/\/intapack.eu\/pl\/wp-json\/wp\/v2\/pages\/29\/revisions"}],"predecessor-version":[{"id":37,"href":"https:\/\/intapack.eu\/pl\/wp-json\/wp\/v2\/pages\/29\/revisions\/37"}],"wp:attachment":[{"href":"https:\/\/intapack.eu\/pl\/wp-json\/wp\/v2\/media?parent=29"}],"curies":[{"name":"wp","href":"https:\/\/api.w.org\/{rel}","templated":true}]}}