{"id":50,"date":"2025-04-24T23:44:40","date_gmt":"2025-04-24T21:44:40","guid":{"rendered":"https:\/\/intapack.eu\/?page_id=50"},"modified":"2025-04-24T23:50:42","modified_gmt":"2025-04-24T21:50:42","slug":"about-us","status":"publish","type":"page","link":"https:\/\/intapack.eu\/lt\/about-us\/","title":{"rendered":"Apie mus"},"content":{"rendered":"<div class=\"content\">\n<div class=\"content\">\n<h3><strong>Apie mus<\/strong><\/h3>\n<p><span style=\"font-size: 12pt;\">Reguliariai u\u017eduodame sau \u0161\u012f klausim\u0105: kas mes tokie ir k\u0105 galime padaryti? Ir kiekvien\u0105 kart\u0105 atsakymas \u012f j\u012f tampa vis sud\u0117tingesnis, nes s\u0105vokos \u201emes\u201c nari\u0173 skai\u010dius auga, o \u201emes galime\u201c \u2013 ple\u010diasi apimtis ir \u017einios. Ta\u010diau vienas dalykas lieka akivaizdus: mes esame vientisa komanda, komanda, kuri\u0105 vienija vienas tikslas ir unikal\u016bs pageidavimai. Mums patinka tai, k\u0105 darome, ir darome tai su meile.<\/span><\/p>\n<p><span style=\"font-size: 12pt;\">Intapack \u2013 tai profesional\u0173 komanda, galinti i\u0161spr\u0119sti beveik visas problemas bet kokios konfig\u016bracijos ir sud\u0117tingumo \u017eem\u0117s \u016bkio produkt\u0173 srityje. Ir tai n\u0117ra sav\u0119s pagyrimas ar reklaminis \u0161\u016bkis, i\u0161skiriantis mus i\u0161 konkurent\u0173. \u0160io poelgio realizavimo link judame jau daug met\u0173, vis stengdamiesi adekva\u010diai \u012fvertinti savo galimybes, o sukaupta patirtis ai\u0161kiai rodo, kad tame, k\u0105 mylime, turint ai\u0161kiai apibr\u0117\u017et\u0105 tiksl\u0105, ne\u012fmanomo ribos toli per\u017eengia horizont\u0105.<\/span><\/p>\n<p><span style=\"font-size: 12pt;\">Per kelerius savo veiklos metus m\u016bs\u0173 gamyba i\u0161 stambaus masto ir paprast\u0173 \u012frengim\u0173 i\u0161augo \u012f visavert\u012f gamybos kompleks\u0105, galint\u012f gaminti bet kokio sud\u0117tingumo automatizuotas linijas. \u0160iandien turime savo in\u017einerin\u0119 ir projektavimo baz\u0119, gamybos sritis, kurias sudaro:<\/span><\/p>\n<ul>\n<li><span style=\"font-size: 12pt;\">metalo pjovimo ir smulkinimo sritis<\/span><\/li>\n<li><span style=\"font-size: 12pt;\">paspaudimo ritin\u0117jimo sekcija,<\/span><\/li>\n<li><span style=\"font-size: 12pt;\">suvirinimo ir litavimo sritis,<\/span><\/li>\n<li><span style=\"font-size: 12pt;\">elektros dirbtuv\u0117s<\/span><\/li>\n<li><span style=\"font-size: 12pt;\">tekinimo ir metalo apdirbimo cechas,<\/span><\/li>\n<li><span style=\"font-size: 12pt;\">pneumo-hidraulin\u0117 sekcija,<\/span><\/li>\n<li><span style=\"font-size: 12pt;\">surinkimo ir reguliavimo sritis<\/span><\/li>\n<li><span style=\"font-size: 12pt;\">taip pat sand\u0117l\u012f, skirt\u0105 inventoriui, gataviems produktams ir bandym\u0173 poligon\u0105 pagamintai \u012frangai demonstruoti.<\/span><\/li>\n<\/ul>\n<p><span style=\"font-size: 12pt;\">Gaminame daugiau nei 100 r\u016b\u0161i\u0173 pramonin\u0117s technologin\u0117s \u012frangos, kuri s\u0117kmingai naudojama \u012fvairiose pasaulio \u0161alyse.<\/span><\/p>\n<p><span style=\"font-size: 12pt;\">Siekiame sukurti \u012frang\u0105, kuri pad\u0117t\u0173 \u016bkininkams pasiekti maksimal\u0173 efektyvum\u0105 ir produktyvum\u0105. M\u016bs\u0173 misija \u2013 teikti patikimus ir inovatyvius sprendimus, kad \u017eem\u0117s \u016bkio darbai b\u016bt\u0173 lengvesni, prieinamesni ir technologi\u0161kai pa\u017eangesni.<\/span><\/p>\n<h4><strong>M\u016bs\u0173 prana\u0161umai<\/strong><\/h4>\n<ol>\n<li><span style=\"font-size: 12pt;\"><strong>Individualus po\u017ei\u016bris. <\/strong>Kuriame \u012frang\u0105 atsi\u017evelgdami \u012f unikalius kiekvieno kliento poreikius.<\/span><\/li>\n<li><span style=\"font-size: 12pt;\"><strong>Kokyb\u0117.<\/strong> Visiems m\u016bs\u0173 gaminiams taikoma grie\u017eta kokyb\u0117s kontrol\u0117 kiekviename gamybos etape.<\/span><\/li>\n<li><span style=\"font-size: 12pt;\"><strong>Inovacijos. <\/strong>Naudojame pa\u017eangias technologijas, kad pasi\u016blytume modernius sprendimus \u017eem\u0117s \u016bkiui.<\/span><\/li>\n<li><span style=\"font-size: 12pt;\"><strong>Palaikymas.<\/strong> M\u016bs\u0173 komanda teikia visapus\u012f palaikym\u0105 \u2013 nuo \u200b\u200bprojektavimo iki \u012frangos paleidimo.<\/span><\/li>\n<\/ol>\n<h4><strong>M\u016bs\u0173 pasiekimai<\/strong><\/h4>\n<p><span style=\"font-size: 12pt;\">Per darbo metus mes:<\/span><\/p>\n<ul>\n<li><span style=\"font-size: 12pt;\">\u012egyvendinome daugiau nei 100 dideli\u0173 projekt\u0173 \u012fvairiose \u0161alyse.<\/span><\/li>\n<li><span style=\"font-size: 12pt;\">Gavo apdovanojimus u\u017e inovacijas \u012frangos gamyboje.<\/span><\/li>\n<li><span style=\"font-size: 12pt;\">Suk\u016br\u0117me automatizuotas linijas, kurios pad\u0117jo m\u016bs\u0173 klientams padidinti na\u0161um\u0105 30 %.<\/span><\/li>\n<\/ul>\n<p>&nbsp;<\/p>\n<p><span style=\"font-size: 12pt;\">Apie mus \u2013 tai Intapack, komanda, kuri ne\u012fmanom\u0105 padaro \u012fmanomu. Did\u017eiuojam\u0117s gal\u0117dami sukurti \u012frang\u0105, kuri padeda \u016bkininkams pl\u0117toti savo versl\u0105 ir siekti nauj\u0173 auk\u0161tum\u0173.<\/span><\/p>\n<\/div>\n<\/div>\n","protected":false},"excerpt":{"rendered":"<p>Apie mus Reguliariai u\u017eduodame sau \u0161\u012f klausim\u0105: kas mes tokie ir k\u0105 galime padaryti? Ir kiekvien\u0105 kart\u0105 atsakymas \u012f j\u012f tampa vis sud\u0117tingesnis, nes s\u0105vokos \u201emes\u201c nari\u0173 skai\u010dius auga, o \u201emes galime\u201c \u2013 ple\u010diasi apimtis ir \u017einios. Ta\u010diau vienas dalykas lieka akivaizdus: mes esame vientisa komanda, komanda, kuri\u0105 vienija vienas tikslas ir unikal\u016bs pageidavimai. Mums [&hellip;]<\/p>\n","protected":false},"author":1,"featured_media":0,"parent":0,"menu_order":0,"comment_status":"closed","ping_status":"closed","template":"add.php","meta":{"inline_featured_image":false,"ngg_post_thumbnail":0,"footnotes":""},"class_list":["post-50","page","type-page","status-publish","hentry"],"acf":[],"yoast_head":"<!-- This site is optimized with the Yoast SEO plugin v24.2 - https:\/\/yoast.com\/wordpress\/plugins\/seo\/ -->\n<title>Apie mus - Apie mus - Apie mus - Apie mus - Apie mus - Apie mus - Apie mus - Apie mus - Intapack esame profesional\u0173 komanda[:]<\/title>\n<meta name=\"description\" content=\"Apie mus \u2013 esame \u017eem\u0117s \u016bkio technikos gamintojai, si\u016blantys patikimus sprendimus bet kokio sud\u0117tingumo \u016bkininkams.\" \/>\n<meta name=\"robots\" content=\"index, follow, max-snippet:-1, max-image-preview:large, max-video-preview:-1\" \/>\n<link rel=\"canonical\" href=\"https:\/\/intapack.eu\/lt\/about-us\/\" \/>\n<meta property=\"og:locale\" content=\"lt_LT\" \/>\n<meta property=\"og:locale:alternate\" content=\"en_US\" \/>\n<meta property=\"og:locale:alternate\" content=\"ru_RU\" \/>\n<meta property=\"og:locale:alternate\" content=\"pl_PL\" \/>\n<meta property=\"og:locale:alternate\" content=\"cs_CZ\" \/>\n<meta property=\"og:locale:alternate\" content=\"hu_HU\" \/>\n<meta property=\"og:locale:alternate\" content=\"sk_SK\" \/>\n<meta property=\"og:locale:alternate\" content=\"ro_RO\" \/>\n<meta property=\"og:type\" content=\"article\" \/>\n<meta property=\"og:title\" content=\"Apie musApie musApie musApie musApie musApie musApie musApie mus\" \/>\n<meta property=\"og:description\" content=\"Apie mus \u2013 esame \u017eem\u0117s \u016bkio technikos gamintojai, si\u016blantys patikimus sprendimus bet kokio sud\u0117tingumo \u016bkininkams.\" \/>\n<meta property=\"og:url\" content=\"https:\/\/intapack.eu\/lt\/about-us\/\" \/>\n<meta property=\"og:site_name\" content=\"Intapack\" \/>\n<meta property=\"article:modified_time\" content=\"2025-04-24T21:50:42+00:00\" \/>\n<meta name=\"twitter:card\" content=\"summary_large_image\" \/>\n<meta name=\"twitter:label1\" content=\"Est. reading time\" \/>\n\t<meta name=\"twitter:data1\" content=\"2 minut\u0117s\" \/>\n<script type=\"application\/ld+json\" class=\"yoast-schema-graph\">{\"@context\":\"https:\/\/schema.org\",\"@graph\":[{\"@type\":\"WebPage\",\"@id\":\"https:\/\/intapack.eu\/lt\/about-us\/\",\"url\":\"https:\/\/intapack.eu\/lt\/about-us\/\",\"name\":\"Apie musApie musApie musApie musApie musApie musApie musApie mus\",\"isPartOf\":{\"@id\":\"https:\/\/intapack.eu\/#website\"},\"datePublished\":\"2025-04-24T21:44:40+00:00\",\"dateModified\":\"2025-04-24T21:50:42+00:00\",\"description\":\"Apie mus \u2013 esame \u017eem\u0117s \u016bkio technikos gamintojai, si\u016blantys patikimus sprendimus bet kokio sud\u0117tingumo \u016bkininkams.\",\"breadcrumb\":{\"@id\":\"https:\/\/intapack.eu\/lt\/about-us\/#breadcrumb\"},\"inLanguage\":\"lt-LT\",\"potentialAction\":[{\"@type\":\"ReadAction\",\"target\":[\"https:\/\/intapack.eu\/lt\/about-us\/\"]}]},{\"@type\":\"BreadcrumbList\",\"@id\":\"https:\/\/intapack.eu\/lt\/about-us\/#breadcrumb\",\"itemListElement\":[{\"@type\":\"ListItem\",\"position\":1,\"name\":\"Home\",\"item\":\"https:\/\/intapack.eu\/lt\/\"},{\"@type\":\"ListItem\",\"position\":2,\"name\":\"Apie mus\"}]},{\"@type\":\"WebSite\",\"@id\":\"https:\/\/intapack.eu\/#website\",\"url\":\"https:\/\/intapack.eu\/\",\"name\":\"Intapack\",\"description\":\"\u201eIntapack\u201c \u2013 GERIAUSIA VIETA \u012eSIGYTI \u017dEM\u0116S \u016aKIO TECHNIK\u0104 UKRAINOS VALSTIJOSE\",\"publisher\":{\"@id\":\"https:\/\/intapack.eu\/#organization\"},\"potentialAction\":[{\"@type\":\"SearchAction\",\"target\":{\"@type\":\"EntryPoint\",\"urlTemplate\":\"https:\/\/intapack.eu\/?s={search_term_string}\"},\"query-input\":{\"@type\":\"PropertyValueSpecification\",\"valueRequired\":true,\"valueName\":\"search_term_string\"}}],\"inLanguage\":\"lt-LT\"},{\"@type\":\"Organization\",\"@id\":\"https:\/\/intapack.eu\/#organization\",\"name\":\"Intapack\",\"url\":\"https:\/\/intapack.eu\/\",\"logo\":{\"@type\":\"ImageObject\",\"inLanguage\":\"lt-LT\",\"@id\":\"https:\/\/intapack.eu\/#\/schema\/logo\/image\/\",\"url\":\"https:\/\/intapack.eu\/wp-content\/uploads\/2025\/04\/intapack2-logo-601x600-1.png\",\"contentUrl\":\"https:\/\/intapack.eu\/wp-content\/uploads\/2025\/04\/intapack2-logo-601x600-1.png\",\"width\":601,\"height\":600,\"caption\":\"Intapack\"},\"image\":{\"@id\":\"https:\/\/intapack.eu\/#\/schema\/logo\/image\/\"}}]}<\/script>\n<!-- \/ Yoast SEO plugin. -->","yoast_head_json":{"title":"Apie mus - Apie mus - Apie mus - Apie mus - Apie mus - Apie mus - Apie mus - Apie mus - Intapack esame profesional\u0173 komanda[:]","description":"Apie mus \u2013 esame \u017eem\u0117s \u016bkio technikos gamintojai, si\u016blantys patikimus sprendimus bet kokio sud\u0117tingumo \u016bkininkams.","robots":{"index":"index","follow":"follow","max-snippet":"max-snippet:-1","max-image-preview":"max-image-preview:large","max-video-preview":"max-video-preview:-1"},"canonical":"https:\/\/intapack.eu\/lt\/about-us\/","og_locale":"lt_LT","og_type":"article","og_title":"[:en][:en]About us[:ru]\u041e \u043d\u0430\u0441[:pl]O nas[:cs]O n\u00e1s[:hu]R\u00f3lunk[:sk]O n\u00e1s[:ro]Despre noi[:lt]Apie mus[:] - Intapack we are a team of professionals[:ru][:en]About us[:ru]\u041e \u043d\u0430\u0441[:pl]O nas[:cs]O n\u00e1s[:hu]R\u00f3lunk[:sk]O n\u00e1s[:ro]Despre noi[:lt]Apie mus[:] - \u044f\u0432\u043b\u044f\u0435\u043c\u0441\u044f \u043a\u043e\u043c\u0430\u043d\u0434\u043e\u0439 \u043f\u0440\u043e\u0444\u0435\u0441\u0441\u0438\u043e\u043d\u0430\u043b\u043e\u0432[:pl][:en]About us[:ru]\u041e \u043d\u0430\u0441[:pl]O nas[:cs]O n\u00e1s[:hu]R\u00f3lunk[:sk]O n\u00e1s[:ro]Despre noi[:lt]Apie mus[:] - Intapack jeste\u015bmy zespo\u0142em profesjonalist\u00f3w[:cs][:en]About us[:ru]\u041e \u043d\u0430\u0441[:pl]O nas[:cs]O n\u00e1s[:hu]R\u00f3lunk[:sk]O n\u00e1s[:ro]Despre noi[:lt]Apie mus[:] - Intapack jsme t\u00fdm profesion\u00e1l\u016f[:hu][:en]About us[:ru]\u041e \u043d\u0430\u0441[:pl]O nas[:cs]O n\u00e1s[:hu]R\u00f3lunk[:sk]O n\u00e1s[:ro]Despre noi[:lt]Apie mus[:] - Intapack profi csapat vagyunk[:sk][:en]About us[:ru]\u041e \u043d\u0430\u0441[:pl]O nas[:cs]O n\u00e1s[:hu]R\u00f3lunk[:sk]O n\u00e1s[:ro]Despre noi[:lt]Apie mus[:] - Intapack sme t\u00edm profesion\u00e1lov[:ro][:en]About us[:ru]\u041e \u043d\u0430\u0441[:pl]O nas[:cs]O n\u00e1s[:hu]R\u00f3lunk[:sk]O n\u00e1s[:ro]Despre noi[:lt]Apie mus[:] - Intapack suntem o echip\u0103 de profesioni\u0219ti[:lt][:en]About us[:ru]\u041e \u043d\u0430\u0441[:pl]O nas[:cs]O n\u00e1s[:hu]R\u00f3lunk[:sk]O n\u00e1s[:ro]Despre noi[:lt]Apie mus[:] - Intapack esame profesional\u0173 komanda[:]","og_description":"[:en]About us \u2013 we are manufacturers of agricultural equipment, offering reliable solutions for farmers of any complexity.[:ru]\u041e \u043d\u0430\u0441 - Intapack \u043f\u0440\u043e\u0438\u0437\u0432\u043e\u0434\u0438\u0442\u0435\u043b\u0438 \u0441\u0435\u043b\u044c\u0441\u043a\u043e\u0445\u043e\u0437\u044f\u0439\u0441\u0442\u0432\u0435\u043d\u043d\u043e\u0433\u043e \u043e\u0431\u043e\u0440\u0443\u0434\u043e\u0432\u0430\u043d\u0438\u044f, \u043f\u0440\u0435\u0434\u043b\u0430\u0433\u0430\u044e\u0449\u0438\u0439 \u043d\u0430\u0434\u0435\u0436\u043d\u044b\u0435 \u0440\u0435\u0448\u0435\u043d\u0438\u044f \u0434\u043b\u044f \u0430\u0433\u0440\u0430\u0440\u0438\u0435\u0432 \u043b\u044e\u0431\u043e\u0439 \u0441\u043b\u043e\u0436\u043d\u043e\u0441\u0442\u0438.[:pl]O nas \u2013 jeste\u015bmy producentami sprz\u0119tu rolniczego, oferuj\u0105cymi niezawodne rozwi\u0105zania dla rolnik\u00f3w o dowolnym stopniu skomplikowania.[:cs]O n\u00e1s \u2013 jsme v\u00fdrobci zem\u011bd\u011blsk\u00e9 techniky a nab\u00edz\u00edme spolehliv\u00e1 \u0159e\u0161en\u00ed pro zem\u011bd\u011blce jak\u00e9koli slo\u017eitosti.[:hu]R\u00f3lunk \u2013 mez\u0151gazdas\u00e1gi g\u00e9pek gy\u00e1rt\u00f3i vagyunk, megb\u00edzhat\u00f3 megold\u00e1sokat k\u00edn\u00e1lunk b\u00e1rmilyen bonyolults\u00e1g\u00fa gazd\u00e1lkod\u00f3 sz\u00e1m\u00e1ra.[:sk]O n\u00e1s \u2013 sme v\u00fdrobcovia po\u013enohospod\u00e1rskej techniky a pon\u00fakame spo\u013eahliv\u00e9 rie\u0161enia pre farm\u00e1rov akejko\u013evek zlo\u017eitosti.[:ro]Despre noi \u2013 suntem produc\u0103tori de echipamente agricole, oferind solu\u021bii fiabile pentru fermieri de orice complexitate.[:lt]Apie mus \u2013 esame \u017eem\u0117s \u016bkio technikos gamintojai, si\u016blantys patikimus sprendimus bet kokio sud\u0117tingumo \u016bkininkams.[:]","og_url":"https:\/\/intapack.eu\/lt\/about-us\/","og_site_name":"Intapack","article_modified_time":"2025-04-24T21:50:42+00:00","twitter_card":"summary_large_image","twitter_misc":{"Est. reading time":"2 minut\u0117s"},"schema":{"@context":"https:\/\/schema.org","@graph":[{"@type":"WebPage","@id":"https:\/\/intapack.eu\/lt\/about-us\/","url":"https:\/\/intapack.eu\/lt\/about-us\/","name":"Apie musApie musApie musApie musApie musApie musApie musApie mus","isPartOf":{"@id":"https:\/\/intapack.eu\/#website"},"datePublished":"2025-04-24T21:44:40+00:00","dateModified":"2025-04-24T21:50:42+00:00","description":"Apie mus \u2013 esame \u017eem\u0117s \u016bkio technikos gamintojai, si\u016blantys patikimus sprendimus bet kokio sud\u0117tingumo \u016bkininkams.","breadcrumb":{"@id":"https:\/\/intapack.eu\/lt\/about-us\/#breadcrumb"},"inLanguage":"lt-LT","potentialAction":[{"@type":"ReadAction","target":["https:\/\/intapack.eu\/lt\/about-us\/"]}]},{"@type":"BreadcrumbList","@id":"https:\/\/intapack.eu\/lt\/about-us\/#breadcrumb","itemListElement":[{"@type":"ListItem","position":1,"name":"Home","item":"https:\/\/intapack.eu\/lt\/"},{"@type":"ListItem","position":2,"name":"Apie mus"}]},{"@type":"WebSite","@id":"https:\/\/intapack.eu\/#website","url":"https:\/\/intapack.eu\/","name":"Intapack","description":"\u201eIntapack\u201c \u2013 GERIAUSIA VIETA \u012eSIGYTI \u017dEM\u0116S \u016aKIO TECHNIK\u0104 UKRAINOS VALSTIJOSE","publisher":{"@id":"https:\/\/intapack.eu\/#organization"},"potentialAction":[{"@type":"SearchAction","target":{"@type":"EntryPoint","urlTemplate":"https:\/\/intapack.eu\/?s={search_term_string}"},"query-input":{"@type":"PropertyValueSpecification","valueRequired":true,"valueName":"search_term_string"}}],"inLanguage":"lt-LT"},{"@type":"Organization","@id":"https:\/\/intapack.eu\/#organization","name":"Intapack","url":"https:\/\/intapack.eu\/","logo":{"@type":"ImageObject","inLanguage":"lt-LT","@id":"https:\/\/intapack.eu\/#\/schema\/logo\/image\/","url":"https:\/\/intapack.eu\/wp-content\/uploads\/2025\/04\/intapack2-logo-601x600-1.png","contentUrl":"https:\/\/intapack.eu\/wp-content\/uploads\/2025\/04\/intapack2-logo-601x600-1.png","width":601,"height":600,"caption":"Intapack"},"image":{"@id":"https:\/\/intapack.eu\/#\/schema\/logo\/image\/"}}]}},"_links":{"self":[{"href":"https:\/\/intapack.eu\/lt\/wp-json\/wp\/v2\/pages\/50","targetHints":{"allow":["GET"]}}],"collection":[{"href":"https:\/\/intapack.eu\/lt\/wp-json\/wp\/v2\/pages"}],"about":[{"href":"https:\/\/intapack.eu\/lt\/wp-json\/wp\/v2\/types\/page"}],"author":[{"embeddable":true,"href":"https:\/\/intapack.eu\/lt\/wp-json\/wp\/v2\/users\/1"}],"replies":[{"embeddable":true,"href":"https:\/\/intapack.eu\/lt\/wp-json\/wp\/v2\/comments?post=50"}],"version-history":[{"count":8,"href":"https:\/\/intapack.eu\/lt\/wp-json\/wp\/v2\/pages\/50\/revisions"}],"predecessor-version":[{"id":58,"href":"https:\/\/intapack.eu\/lt\/wp-json\/wp\/v2\/pages\/50\/revisions\/58"}],"wp:attachment":[{"href":"https:\/\/intapack.eu\/lt\/wp-json\/wp\/v2\/media?parent=50"}],"curies":[{"name":"wp","href":"https:\/\/api.w.org\/{rel}","templated":true}]}}