{"id":29,"date":"2025-04-24T22:22:59","date_gmt":"2025-04-24T20:22:59","guid":{"rendered":"https:\/\/intapack.eu\/?page_id=29"},"modified":"2025-04-24T22:27:01","modified_gmt":"2025-04-24T20:27:01","slug":"service","status":"publish","type":"page","link":"https:\/\/intapack.eu\/lt\/service\/","title":{"rendered":"Paslauga"},"content":{"rendered":"<p><span style=\"font-size: 12pt;\">Bet kokiai \u017eem\u0117s \u016bkio technikai reikalingas darbo su ja mokymas, taip pat tolesni technin\u0117s ap\u017ei\u016bros, aptarnavimo ir remonto darbai.<\/span><br \/>\n<span style=\"font-size: 12pt;\">M\u016bs\u0173 \u012fmon\u0117 jums pad\u0117s tai padaryti!<\/span><br \/>\n<span style=\"font-size: 12pt;\">Intapack aptarnavimo centras teikia \u0161ias paslaugas:<\/span><\/p>\n<ul>\n<li><span style=\"font-size: 12pt;\">U\u017esakovo personalo apmokymas dirbti su \u012franga;<\/span><\/li>\n<li><span style=\"font-size: 12pt;\">\u012erangos montavimas kliento teritorijoje;<\/span><\/li>\n<li><span style=\"font-size: 12pt;\">Paleidimo darb\u0173 atlikimas tiek\u0117jo ar u\u017esakovo teritorijoje;<\/span><\/li>\n<li><span style=\"font-size: 12pt;\">Informatyvus klient\u0173 aptarnavimas (gedim\u0173 \u0161alinimas, perkonfig\u016bravimas ir kt.);<\/span><\/li>\n<li><span style=\"font-size: 12pt;\">\u012erangos diagnostika, remontas, modernizavimas tiek\u0117jo ar kliento teritorijoje;<\/span><\/li>\n<li><span style=\"font-size: 12pt;\">\u012erangos prie\u017ei\u016bra kliento teritorijoje.<\/span><\/li>\n<\/ul>\n<p><span style=\"font-size: 12pt;\"><strong>I\u0161samesn\u0119 informacij\u0105 galite gauti aptarnavimo ir techniniame skyriuje.<\/strong><\/span><\/p>\n","protected":false},"excerpt":{"rendered":"<p>Bet kokiai \u017eem\u0117s \u016bkio technikai reikalingas darbo su ja mokymas, taip pat tolesni technin\u0117s ap\u017ei\u016bros, aptarnavimo ir remonto darbai. M\u016bs\u0173 \u012fmon\u0117 jums pad\u0117s tai padaryti! Intapack aptarnavimo centras teikia \u0161ias paslaugas: U\u017esakovo personalo apmokymas dirbti su \u012franga; \u012erangos montavimas kliento teritorijoje; Paleidimo darb\u0173 atlikimas tiek\u0117jo ar u\u017esakovo teritorijoje; Informatyvus klient\u0173 aptarnavimas (gedim\u0173 \u0161alinimas, perkonfig\u016bravimas ir [&hellip;]<\/p>\n","protected":false},"author":1,"featured_media":0,"parent":0,"menu_order":0,"comment_status":"closed","ping_status":"closed","template":"add.php","meta":{"inline_featured_image":false,"ngg_post_thumbnail":0,"footnotes":""},"class_list":["post-29","page","type-page","status-publish","hentry"],"acf":[],"yoast_head":"<!-- This site is optimized with the Yoast SEO plugin v24.2 - https:\/\/yoast.com\/wordpress\/plugins\/seo\/ -->\n<title>Paslauga - Intapack<\/title>\n<meta name=\"robots\" content=\"index, follow, max-snippet:-1, max-image-preview:large, max-video-preview:-1\" \/>\n<link rel=\"canonical\" href=\"https:\/\/intapack.eu\/lt\/service\/\" \/>\n<meta property=\"og:locale\" content=\"lt_LT\" \/>\n<meta property=\"og:locale:alternate\" content=\"en_US\" \/>\n<meta property=\"og:locale:alternate\" content=\"ru_RU\" \/>\n<meta property=\"og:locale:alternate\" content=\"pl_PL\" \/>\n<meta property=\"og:locale:alternate\" content=\"cs_CZ\" \/>\n<meta property=\"og:locale:alternate\" content=\"hu_HU\" \/>\n<meta property=\"og:locale:alternate\" content=\"sk_SK\" \/>\n<meta property=\"og:locale:alternate\" content=\"ro_RO\" \/>\n<meta property=\"og:type\" content=\"article\" \/>\n<meta property=\"og:title\" content=\"Paslauga\" \/>\n<meta property=\"og:description\" content=\"Bet kokiai \u017eem\u0117s \u016bkio technikai reikalingas darbo su ja mokymas, taip pat tolesni technin\u0117s ap\u017ei\u016bros, aptarnavimo ir remonto darbai. M\u016bs\u0173 \u012fmon\u0117 jums pad\u0117s tai padaryti! Intapack aptarnavimo centras teikia \u0161ias paslaugas: U\u017esakovo personalo apmokymas dirbti su \u012franga; \u012erangos montavimas kliento teritorijoje; Paleidimo darb\u0173 atlikimas tiek\u0117jo ar u\u017esakovo teritorijoje; Informatyvus klient\u0173 aptarnavimas (gedim\u0173 \u0161alinimas, perkonfig\u016bravimas ir [&hellip;]\" \/>\n<meta property=\"og:url\" content=\"https:\/\/intapack.eu\/lt\/service\/\" \/>\n<meta property=\"og:site_name\" content=\"Intapack\" \/>\n<meta property=\"article:modified_time\" content=\"2025-04-24T20:27:01+00:00\" \/>\n<meta name=\"twitter:card\" content=\"summary_large_image\" \/>\n<meta name=\"twitter:label1\" content=\"Est. reading time\" \/>\n\t<meta name=\"twitter:data1\" content=\"1 minut\u0117\" \/>\n<script type=\"application\/ld+json\" class=\"yoast-schema-graph\">{\"@context\":\"https:\/\/schema.org\",\"@graph\":[{\"@type\":\"WebPage\",\"@id\":\"https:\/\/intapack.eu\/lt\/service\/\",\"url\":\"https:\/\/intapack.eu\/lt\/service\/\",\"name\":\"Paslauga\",\"isPartOf\":{\"@id\":\"https:\/\/intapack.eu\/#website\"},\"datePublished\":\"2025-04-24T20:22:59+00:00\",\"dateModified\":\"2025-04-24T20:27:01+00:00\",\"breadcrumb\":{\"@id\":\"https:\/\/intapack.eu\/lt\/service\/#breadcrumb\"},\"inLanguage\":\"lt-LT\",\"potentialAction\":[{\"@type\":\"ReadAction\",\"target\":[\"https:\/\/intapack.eu\/lt\/service\/\"]}]},{\"@type\":\"BreadcrumbList\",\"@id\":\"https:\/\/intapack.eu\/lt\/service\/#breadcrumb\",\"itemListElement\":[{\"@type\":\"ListItem\",\"position\":1,\"name\":\"Home\",\"item\":\"https:\/\/intapack.eu\/lt\/\"},{\"@type\":\"ListItem\",\"position\":2,\"name\":\"Paslauga\"}]},{\"@type\":\"WebSite\",\"@id\":\"https:\/\/intapack.eu\/#website\",\"url\":\"https:\/\/intapack.eu\/\",\"name\":\"Intapack\",\"description\":\"\u201eIntapack\u201c \u2013 GERIAUSIA VIETA \u012eSIGYTI \u017dEM\u0116S \u016aKIO TECHNIK\u0104 UKRAINOS VALSTIJOSE\",\"publisher\":{\"@id\":\"https:\/\/intapack.eu\/#organization\"},\"potentialAction\":[{\"@type\":\"SearchAction\",\"target\":{\"@type\":\"EntryPoint\",\"urlTemplate\":\"https:\/\/intapack.eu\/?s={search_term_string}\"},\"query-input\":{\"@type\":\"PropertyValueSpecification\",\"valueRequired\":true,\"valueName\":\"search_term_string\"}}],\"inLanguage\":\"lt-LT\"},{\"@type\":\"Organization\",\"@id\":\"https:\/\/intapack.eu\/#organization\",\"name\":\"Intapack\",\"url\":\"https:\/\/intapack.eu\/\",\"logo\":{\"@type\":\"ImageObject\",\"inLanguage\":\"lt-LT\",\"@id\":\"https:\/\/intapack.eu\/#\/schema\/logo\/image\/\",\"url\":\"https:\/\/intapack.eu\/wp-content\/uploads\/2025\/04\/intapack2-logo-601x600-1.png\",\"contentUrl\":\"https:\/\/intapack.eu\/wp-content\/uploads\/2025\/04\/intapack2-logo-601x600-1.png\",\"width\":601,\"height\":600,\"caption\":\"Intapack\"},\"image\":{\"@id\":\"https:\/\/intapack.eu\/#\/schema\/logo\/image\/\"}}]}<\/script>\n<!-- \/ Yoast SEO plugin. -->","yoast_head_json":{"title":"Paslauga - Intapack","robots":{"index":"index","follow":"follow","max-snippet":"max-snippet:-1","max-image-preview":"max-image-preview:large","max-video-preview":"max-video-preview:-1"},"canonical":"https:\/\/intapack.eu\/lt\/service\/","og_locale":"lt_LT","og_type":"article","og_title":"[:en]Service[:ru]\u0421\u0435\u0440\u0432\u0438\u0441[:pl]Praca[:cs]Servis[:hu]Szolg\u00e1ltat\u00e1s[:sk]Slu\u017eba[:ro]Serviciu[:lt]Paslauga[:] - Intapack","og_description":"Bet kokiai \u017eem\u0117s \u016bkio technikai reikalingas darbo su ja mokymas, taip pat tolesni technin\u0117s ap\u017ei\u016bros, aptarnavimo ir remonto darbai. M\u016bs\u0173 \u012fmon\u0117 jums pad\u0117s tai padaryti! Intapack aptarnavimo centras teikia \u0161ias paslaugas: U\u017esakovo personalo apmokymas dirbti su \u012franga; \u012erangos montavimas kliento teritorijoje; Paleidimo darb\u0173 atlikimas tiek\u0117jo ar u\u017esakovo teritorijoje; Informatyvus klient\u0173 aptarnavimas (gedim\u0173 \u0161alinimas, perkonfig\u016bravimas ir [&hellip;]","og_url":"https:\/\/intapack.eu\/lt\/service\/","og_site_name":"Intapack","article_modified_time":"2025-04-24T20:27:01+00:00","twitter_card":"summary_large_image","twitter_misc":{"Est. reading time":"1 minut\u0117"},"schema":{"@context":"https:\/\/schema.org","@graph":[{"@type":"WebPage","@id":"https:\/\/intapack.eu\/lt\/service\/","url":"https:\/\/intapack.eu\/lt\/service\/","name":"Paslauga","isPartOf":{"@id":"https:\/\/intapack.eu\/#website"},"datePublished":"2025-04-24T20:22:59+00:00","dateModified":"2025-04-24T20:27:01+00:00","breadcrumb":{"@id":"https:\/\/intapack.eu\/lt\/service\/#breadcrumb"},"inLanguage":"lt-LT","potentialAction":[{"@type":"ReadAction","target":["https:\/\/intapack.eu\/lt\/service\/"]}]},{"@type":"BreadcrumbList","@id":"https:\/\/intapack.eu\/lt\/service\/#breadcrumb","itemListElement":[{"@type":"ListItem","position":1,"name":"Home","item":"https:\/\/intapack.eu\/lt\/"},{"@type":"ListItem","position":2,"name":"Paslauga"}]},{"@type":"WebSite","@id":"https:\/\/intapack.eu\/#website","url":"https:\/\/intapack.eu\/","name":"Intapack","description":"\u201eIntapack\u201c \u2013 GERIAUSIA VIETA \u012eSIGYTI \u017dEM\u0116S \u016aKIO TECHNIK\u0104 UKRAINOS VALSTIJOSE","publisher":{"@id":"https:\/\/intapack.eu\/#organization"},"potentialAction":[{"@type":"SearchAction","target":{"@type":"EntryPoint","urlTemplate":"https:\/\/intapack.eu\/?s={search_term_string}"},"query-input":{"@type":"PropertyValueSpecification","valueRequired":true,"valueName":"search_term_string"}}],"inLanguage":"lt-LT"},{"@type":"Organization","@id":"https:\/\/intapack.eu\/#organization","name":"Intapack","url":"https:\/\/intapack.eu\/","logo":{"@type":"ImageObject","inLanguage":"lt-LT","@id":"https:\/\/intapack.eu\/#\/schema\/logo\/image\/","url":"https:\/\/intapack.eu\/wp-content\/uploads\/2025\/04\/intapack2-logo-601x600-1.png","contentUrl":"https:\/\/intapack.eu\/wp-content\/uploads\/2025\/04\/intapack2-logo-601x600-1.png","width":601,"height":600,"caption":"Intapack"},"image":{"@id":"https:\/\/intapack.eu\/#\/schema\/logo\/image\/"}}]}},"_links":{"self":[{"href":"https:\/\/intapack.eu\/lt\/wp-json\/wp\/v2\/pages\/29","targetHints":{"allow":["GET"]}}],"collection":[{"href":"https:\/\/intapack.eu\/lt\/wp-json\/wp\/v2\/pages"}],"about":[{"href":"https:\/\/intapack.eu\/lt\/wp-json\/wp\/v2\/types\/page"}],"author":[{"embeddable":true,"href":"https:\/\/intapack.eu\/lt\/wp-json\/wp\/v2\/users\/1"}],"replies":[{"embeddable":true,"href":"https:\/\/intapack.eu\/lt\/wp-json\/wp\/v2\/comments?post=29"}],"version-history":[{"count":8,"href":"https:\/\/intapack.eu\/lt\/wp-json\/wp\/v2\/pages\/29\/revisions"}],"predecessor-version":[{"id":37,"href":"https:\/\/intapack.eu\/lt\/wp-json\/wp\/v2\/pages\/29\/revisions\/37"}],"wp:attachment":[{"href":"https:\/\/intapack.eu\/lt\/wp-json\/wp\/v2\/media?parent=29"}],"curies":[{"name":"wp","href":"https:\/\/api.w.org\/{rel}","templated":true}]}}