{"id":29,"date":"2025-04-24T22:22:59","date_gmt":"2025-04-24T20:22:59","guid":{"rendered":"https:\/\/intapack.eu\/?page_id=29"},"modified":"2025-04-24T22:27:01","modified_gmt":"2025-04-24T20:27:01","slug":"service","status":"publish","type":"page","link":"https:\/\/intapack.eu\/hu\/service\/","title":{"rendered":"Szolg\u00e1ltat\u00e1s"},"content":{"rendered":"<p><span style=\"font-size: 12pt;\">B\u00e1rmilyen mez\u0151gazdas\u00e1gi g\u00e9p megk\u00f6veteli a vele val\u00f3 munkav\u00e9gz\u00e9s betan\u00edt\u00e1s\u00e1t, valamint tov\u00e1bbi m\u0171szaki ellen\u0151rz\u00e9si, szervizel\u00e9si \u00e9s jav\u00edt\u00e1si munk\u00e1kat.<\/span><br \/>\n<span style=\"font-size: 12pt;\">C\u00e9g\u00fcnk ebben seg\u00edt \u00d6nnek!<\/span><br \/>\n<span style=\"font-size: 12pt;\">Az Intapack szerviz a k\u00f6vetkez\u0151 szolg\u00e1ltat\u00e1sokat ny\u00fajtja:<\/span><\/p>\n<ul>\n<li><span style=\"font-size: 12pt;\">Az \u00fcgyf\u00e9l szem\u00e9lyzet\u00e9nek k\u00e9pz\u00e9se a berendez\u00e9ssel val\u00f3 munkav\u00e9gz\u00e9sr\u0151l;<\/span><\/li>\n<li><span style=\"font-size: 12pt;\">Berendez\u00e9s telep\u00edt\u00e9se az \u00fcgyf\u00e9l ter\u00fclet\u00e9n;<\/span><\/li>\n<li><span style=\"font-size: 12pt;\">\u00dczembe helyez\u00e9si munk\u00e1k elv\u00e9gz\u00e9se a sz\u00e1ll\u00edt\u00f3 vagy a vev\u0151 ter\u00fclet\u00e9n;<\/span><\/li>\n<li><span style=\"font-size: 12pt;\">T\u00e1j\u00e9koztat\u00f3 \u00fcgyf\u00e9lszolg\u00e1lat (hibaelh\u00e1r\u00edt\u00e1s, \u00fajrakonfigur\u00e1l\u00e1s stb.);<\/span><\/li>\n<li><span style=\"font-size: 12pt;\">Besz\u00e1ll\u00edt\u00f3 vagy \u00fcgyf\u00e9l ter\u00fclet\u00e9n berendez\u00e9sek diagnosztik\u00e1ja, jav\u00edt\u00e1sa, korszer\u0171s\u00edt\u00e9se;<\/span><\/li>\n<li><span style=\"font-size: 12pt;\">Berendez\u00e9sek karbantart\u00e1sa az \u00fcgyf\u00e9l ter\u00fclet\u00e9n.<\/span><\/li>\n<\/ul>\n<p><span style=\"font-size: 12pt;\"><strong>B\u0151vebb inform\u00e1ci\u00f3 a szerviz \u00e9s m\u0171szaki oszt\u00e1lyon k\u00e9rhet\u0151.<\/strong><\/span><\/p>\n","protected":false},"excerpt":{"rendered":"<p>B\u00e1rmilyen mez\u0151gazdas\u00e1gi g\u00e9p megk\u00f6veteli a vele val\u00f3 munkav\u00e9gz\u00e9s betan\u00edt\u00e1s\u00e1t, valamint tov\u00e1bbi m\u0171szaki ellen\u0151rz\u00e9si, szervizel\u00e9si \u00e9s jav\u00edt\u00e1si munk\u00e1kat. C\u00e9g\u00fcnk ebben seg\u00edt \u00d6nnek! Az Intapack szerviz a k\u00f6vetkez\u0151 szolg\u00e1ltat\u00e1sokat ny\u00fajtja: Az \u00fcgyf\u00e9l szem\u00e9lyzet\u00e9nek k\u00e9pz\u00e9se a berendez\u00e9ssel val\u00f3 munkav\u00e9gz\u00e9sr\u0151l; Berendez\u00e9s telep\u00edt\u00e9se az \u00fcgyf\u00e9l ter\u00fclet\u00e9n; \u00dczembe helyez\u00e9si munk\u00e1k elv\u00e9gz\u00e9se a sz\u00e1ll\u00edt\u00f3 vagy a vev\u0151 ter\u00fclet\u00e9n; T\u00e1j\u00e9koztat\u00f3 \u00fcgyf\u00e9lszolg\u00e1lat (hibaelh\u00e1r\u00edt\u00e1s, \u00fajrakonfigur\u00e1l\u00e1s [&hellip;]<\/p>\n","protected":false},"author":1,"featured_media":0,"parent":0,"menu_order":0,"comment_status":"closed","ping_status":"closed","template":"add.php","meta":{"inline_featured_image":false,"ngg_post_thumbnail":0,"footnotes":""},"class_list":["post-29","page","type-page","status-publish","hentry"],"acf":[],"yoast_head":"<!-- This site is optimized with the Yoast SEO plugin v24.2 - https:\/\/yoast.com\/wordpress\/plugins\/seo\/ -->\n<title>Szolg\u00e1ltat\u00e1s - Intapack<\/title>\n<meta name=\"robots\" content=\"index, follow, max-snippet:-1, max-image-preview:large, max-video-preview:-1\" \/>\n<link rel=\"canonical\" href=\"https:\/\/intapack.eu\/hu\/service\/\" \/>\n<meta property=\"og:locale\" content=\"hu_HU\" \/>\n<meta property=\"og:locale:alternate\" content=\"en_US\" \/>\n<meta property=\"og:locale:alternate\" content=\"ru_RU\" \/>\n<meta property=\"og:locale:alternate\" content=\"pl_PL\" \/>\n<meta property=\"og:locale:alternate\" content=\"cs_CZ\" \/>\n<meta property=\"og:locale:alternate\" content=\"sk_SK\" \/>\n<meta property=\"og:locale:alternate\" content=\"ro_RO\" \/>\n<meta property=\"og:locale:alternate\" content=\"lt_LT\" \/>\n<meta property=\"og:type\" content=\"article\" \/>\n<meta property=\"og:title\" content=\"Szolg\u00e1ltat\u00e1s\" \/>\n<meta property=\"og:description\" content=\"B\u00e1rmilyen mez\u0151gazdas\u00e1gi g\u00e9p megk\u00f6veteli a vele val\u00f3 munkav\u00e9gz\u00e9s betan\u00edt\u00e1s\u00e1t, valamint tov\u00e1bbi m\u0171szaki ellen\u0151rz\u00e9si, szervizel\u00e9si \u00e9s jav\u00edt\u00e1si munk\u00e1kat. C\u00e9g\u00fcnk ebben seg\u00edt \u00d6nnek! Az Intapack szerviz a k\u00f6vetkez\u0151 szolg\u00e1ltat\u00e1sokat ny\u00fajtja: Az \u00fcgyf\u00e9l szem\u00e9lyzet\u00e9nek k\u00e9pz\u00e9se a berendez\u00e9ssel val\u00f3 munkav\u00e9gz\u00e9sr\u0151l; Berendez\u00e9s telep\u00edt\u00e9se az \u00fcgyf\u00e9l ter\u00fclet\u00e9n; \u00dczembe helyez\u00e9si munk\u00e1k elv\u00e9gz\u00e9se a sz\u00e1ll\u00edt\u00f3 vagy a vev\u0151 ter\u00fclet\u00e9n; T\u00e1j\u00e9koztat\u00f3 \u00fcgyf\u00e9lszolg\u00e1lat (hibaelh\u00e1r\u00edt\u00e1s, \u00fajrakonfigur\u00e1l\u00e1s [&hellip;]\" \/>\n<meta property=\"og:url\" content=\"https:\/\/intapack.eu\/hu\/service\/\" \/>\n<meta property=\"og:site_name\" content=\"Intapack\" \/>\n<meta property=\"article:modified_time\" content=\"2025-04-24T20:27:01+00:00\" \/>\n<meta name=\"twitter:card\" content=\"summary_large_image\" \/>\n<meta name=\"twitter:label1\" content=\"Becs\u00fclt olvas\u00e1si id\u0151\" \/>\n\t<meta name=\"twitter:data1\" content=\"1 perc\" \/>\n<script type=\"application\/ld+json\" class=\"yoast-schema-graph\">{\"@context\":\"https:\/\/schema.org\",\"@graph\":[{\"@type\":\"WebPage\",\"@id\":\"https:\/\/intapack.eu\/lt\/service\/\",\"url\":\"https:\/\/intapack.eu\/lt\/service\/\",\"name\":\"Szolg\u00e1ltat\u00e1s\",\"isPartOf\":{\"@id\":\"https:\/\/intapack.eu\/#website\"},\"datePublished\":\"2025-04-24T20:22:59+00:00\",\"dateModified\":\"2025-04-24T20:27:01+00:00\",\"breadcrumb\":{\"@id\":\"https:\/\/intapack.eu\/lt\/service\/#breadcrumb\"},\"inLanguage\":\"hu-HU\",\"potentialAction\":[{\"@type\":\"ReadAction\",\"target\":[\"https:\/\/intapack.eu\/lt\/service\/\"]}]},{\"@type\":\"BreadcrumbList\",\"@id\":\"https:\/\/intapack.eu\/lt\/service\/#breadcrumb\",\"itemListElement\":[{\"@type\":\"ListItem\",\"position\":1,\"name\":\"Home\",\"item\":\"https:\/\/intapack.eu\/lt\/\"},{\"@type\":\"ListItem\",\"position\":2,\"name\":\"Paslauga\"}]},{\"@type\":\"WebSite\",\"@id\":\"https:\/\/intapack.eu\/#website\",\"url\":\"https:\/\/intapack.eu\/\",\"name\":\"Intapack\",\"description\":\"Intapack - A LEGJOBB HELY MEZ\u0150GAZDAS\u00c1GI BERENDEZ\u00c9SEK V\u00c1S\u00c1RL\u00c1S\u00c1RA UKRAJN\u00c1BAN\",\"publisher\":{\"@id\":\"https:\/\/intapack.eu\/#organization\"},\"potentialAction\":[{\"@type\":\"SearchAction\",\"target\":{\"@type\":\"EntryPoint\",\"urlTemplate\":\"https:\/\/intapack.eu\/?s={search_term_string}\"},\"query-input\":{\"@type\":\"PropertyValueSpecification\",\"valueRequired\":true,\"valueName\":\"search_term_string\"}}],\"inLanguage\":\"hu-HU\"},{\"@type\":\"Organization\",\"@id\":\"https:\/\/intapack.eu\/#organization\",\"name\":\"Intapack\",\"url\":\"https:\/\/intapack.eu\/\",\"logo\":{\"@type\":\"ImageObject\",\"inLanguage\":\"hu-HU\",\"@id\":\"https:\/\/intapack.eu\/#\/schema\/logo\/image\/\",\"url\":\"https:\/\/intapack.eu\/wp-content\/uploads\/2025\/04\/intapack2-logo-601x600-1.png\",\"contentUrl\":\"https:\/\/intapack.eu\/wp-content\/uploads\/2025\/04\/intapack2-logo-601x600-1.png\",\"width\":601,\"height\":600,\"caption\":\"Intapack\"},\"image\":{\"@id\":\"https:\/\/intapack.eu\/#\/schema\/logo\/image\/\"}}]}<\/script>\n<!-- \/ Yoast SEO plugin. -->","yoast_head_json":{"title":"Szolg\u00e1ltat\u00e1s - Intapack","robots":{"index":"index","follow":"follow","max-snippet":"max-snippet:-1","max-image-preview":"max-image-preview:large","max-video-preview":"max-video-preview:-1"},"canonical":"https:\/\/intapack.eu\/hu\/service\/","og_locale":"hu_HU","og_type":"article","og_title":"[:en]Service[:ru]\u0421\u0435\u0440\u0432\u0438\u0441[:pl]Praca[:cs]Servis[:hu]Szolg\u00e1ltat\u00e1s[:sk]Slu\u017eba[:ro]Serviciu[:lt]Paslauga[:] - Intapack","og_description":"B\u00e1rmilyen mez\u0151gazdas\u00e1gi g\u00e9p megk\u00f6veteli a vele val\u00f3 munkav\u00e9gz\u00e9s betan\u00edt\u00e1s\u00e1t, valamint tov\u00e1bbi m\u0171szaki ellen\u0151rz\u00e9si, szervizel\u00e9si \u00e9s jav\u00edt\u00e1si munk\u00e1kat. C\u00e9g\u00fcnk ebben seg\u00edt \u00d6nnek! Az Intapack szerviz a k\u00f6vetkez\u0151 szolg\u00e1ltat\u00e1sokat ny\u00fajtja: Az \u00fcgyf\u00e9l szem\u00e9lyzet\u00e9nek k\u00e9pz\u00e9se a berendez\u00e9ssel val\u00f3 munkav\u00e9gz\u00e9sr\u0151l; Berendez\u00e9s telep\u00edt\u00e9se az \u00fcgyf\u00e9l ter\u00fclet\u00e9n; \u00dczembe helyez\u00e9si munk\u00e1k elv\u00e9gz\u00e9se a sz\u00e1ll\u00edt\u00f3 vagy a vev\u0151 ter\u00fclet\u00e9n; T\u00e1j\u00e9koztat\u00f3 \u00fcgyf\u00e9lszolg\u00e1lat (hibaelh\u00e1r\u00edt\u00e1s, \u00fajrakonfigur\u00e1l\u00e1s [&hellip;]","og_url":"https:\/\/intapack.eu\/hu\/service\/","og_site_name":"Intapack","article_modified_time":"2025-04-24T20:27:01+00:00","twitter_card":"summary_large_image","twitter_misc":{"Becs\u00fclt olvas\u00e1si id\u0151":"1 perc"},"schema":{"@context":"https:\/\/schema.org","@graph":[{"@type":"WebPage","@id":"https:\/\/intapack.eu\/lt\/service\/","url":"https:\/\/intapack.eu\/lt\/service\/","name":"Szolg\u00e1ltat\u00e1s","isPartOf":{"@id":"https:\/\/intapack.eu\/#website"},"datePublished":"2025-04-24T20:22:59+00:00","dateModified":"2025-04-24T20:27:01+00:00","breadcrumb":{"@id":"https:\/\/intapack.eu\/lt\/service\/#breadcrumb"},"inLanguage":"hu-HU","potentialAction":[{"@type":"ReadAction","target":["https:\/\/intapack.eu\/lt\/service\/"]}]},{"@type":"BreadcrumbList","@id":"https:\/\/intapack.eu\/lt\/service\/#breadcrumb","itemListElement":[{"@type":"ListItem","position":1,"name":"Home","item":"https:\/\/intapack.eu\/lt\/"},{"@type":"ListItem","position":2,"name":"Paslauga"}]},{"@type":"WebSite","@id":"https:\/\/intapack.eu\/#website","url":"https:\/\/intapack.eu\/","name":"Intapack","description":"Intapack - A LEGJOBB HELY MEZ\u0150GAZDAS\u00c1GI BERENDEZ\u00c9SEK V\u00c1S\u00c1RL\u00c1S\u00c1RA UKRAJN\u00c1BAN","publisher":{"@id":"https:\/\/intapack.eu\/#organization"},"potentialAction":[{"@type":"SearchAction","target":{"@type":"EntryPoint","urlTemplate":"https:\/\/intapack.eu\/?s={search_term_string}"},"query-input":{"@type":"PropertyValueSpecification","valueRequired":true,"valueName":"search_term_string"}}],"inLanguage":"hu-HU"},{"@type":"Organization","@id":"https:\/\/intapack.eu\/#organization","name":"Intapack","url":"https:\/\/intapack.eu\/","logo":{"@type":"ImageObject","inLanguage":"hu-HU","@id":"https:\/\/intapack.eu\/#\/schema\/logo\/image\/","url":"https:\/\/intapack.eu\/wp-content\/uploads\/2025\/04\/intapack2-logo-601x600-1.png","contentUrl":"https:\/\/intapack.eu\/wp-content\/uploads\/2025\/04\/intapack2-logo-601x600-1.png","width":601,"height":600,"caption":"Intapack"},"image":{"@id":"https:\/\/intapack.eu\/#\/schema\/logo\/image\/"}}]}},"_links":{"self":[{"href":"https:\/\/intapack.eu\/hu\/wp-json\/wp\/v2\/pages\/29","targetHints":{"allow":["GET"]}}],"collection":[{"href":"https:\/\/intapack.eu\/hu\/wp-json\/wp\/v2\/pages"}],"about":[{"href":"https:\/\/intapack.eu\/hu\/wp-json\/wp\/v2\/types\/page"}],"author":[{"embeddable":true,"href":"https:\/\/intapack.eu\/hu\/wp-json\/wp\/v2\/users\/1"}],"replies":[{"embeddable":true,"href":"https:\/\/intapack.eu\/hu\/wp-json\/wp\/v2\/comments?post=29"}],"version-history":[{"count":8,"href":"https:\/\/intapack.eu\/hu\/wp-json\/wp\/v2\/pages\/29\/revisions"}],"predecessor-version":[{"id":37,"href":"https:\/\/intapack.eu\/hu\/wp-json\/wp\/v2\/pages\/29\/revisions\/37"}],"wp:attachment":[{"href":"https:\/\/intapack.eu\/hu\/wp-json\/wp\/v2\/media?parent=29"}],"curies":[{"name":"wp","href":"https:\/\/api.w.org\/{rel}","templated":true}]}}