{"id":50,"date":"2025-04-24T23:44:40","date_gmt":"2025-04-24T21:44:40","guid":{"rendered":"https:\/\/intapack.eu\/?page_id=50"},"modified":"2025-04-24T23:50:42","modified_gmt":"2025-04-24T21:50:42","slug":"about-us","status":"publish","type":"page","link":"https:\/\/intapack.eu\/cs\/about-us\/","title":{"rendered":"O n\u00e1s"},"content":{"rendered":"<div class=\"content\">\n<h3><strong>O n\u00e1s<\/strong><\/h3>\n<p><span style=\"font-size: 12pt;\">Pravideln\u011b si klademe ot\u00e1zku: kdo jsme a co m\u016f\u017eeme d\u011blat? A poka\u017ed\u00e9 je odpov\u011b\u010f na ni st\u00e1le slo\u017eit\u011bj\u0161\u00ed, proto\u017ee pojem \u201emy\u201c roste v po\u010dtu sv\u00fdch \u010dlen\u016f a \u201emy to dok\u00e1\u017eeme\u201c se roz\u0161i\u0159uje co do rozsahu a znalost\u00ed. Jedna v\u011bc v\u0161ak z\u016fst\u00e1v\u00e1 z\u0159ejm\u00e1: jsme integr\u00e1ln\u00ed t\u00fdm, t\u00fdm, kter\u00fd spojuje jedin\u00fd c\u00edl a jedine\u010dn\u00e9 preference. Milujeme to, co d\u011bl\u00e1me a d\u011bl\u00e1me to s l\u00e1skou.<\/span><\/p>\n<p><span style=\"font-size: 12pt;\">Intapack je t\u00fdm profesion\u00e1l\u016f schopn\u00fd vy\u0159e\u0161it t\u00e9m\u011b\u0159 jak\u00fdkoli probl\u00e9m v oblasti zem\u011bd\u011blsk\u00fdch produkt\u016f jak\u00e9koli konfigurace a slo\u017eitosti. A to nen\u00ed samochv\u00e1la ani reklamn\u00ed slogan, kter\u00fd n\u00e1s odli\u0161uje od konkurence. K realizaci tohoto \u010dinu sm\u011b\u0159ujeme ji\u017e \u0159adu let, v\u017edy se sna\u017e\u00edme adekv\u00e1tn\u011b zhodnotit sv\u00e9 schopnosti a nasb\u00edran\u00e9 zku\u0161enosti jasn\u011b ukazuj\u00ed, \u017ee v tom, co milujeme, s jasn\u011b dan\u00fdm c\u00edlem sahaj\u00ed hranice nemo\u017en\u00e9ho daleko za horizont.<\/span><\/p>\n<p><span style=\"font-size: 12pt;\">V pr\u016fb\u011bhu n\u011bkolika let sv\u00e9 \u010dinnosti se na\u0161e v\u00fdroba rozrostla z bezohledn\u00fdch m\u011b\u0159\u00edtek a jednoduch\u00fdch instalac\u00ed v plnohodnotn\u00fd v\u00fdrobn\u00ed komplex schopn\u00fd vyr\u00e1b\u011bt automatizovan\u00e9 linky jak\u00e9koli \u00farovn\u011b slo\u017eitosti. Dnes vlastn\u00edme vlastn\u00ed in\u017een\u00fdrskou a projek\u010dn\u00ed z\u00e1kladnu, v\u00fdrobn\u00ed prostory, sest\u00e1vaj\u00edc\u00ed z:<\/span><\/p>\n<ul>\n<li><span style=\"font-size: 12pt;\">oblast pro \u0159ez\u00e1n\u00ed a sek\u00e1n\u00ed kov\u016f<\/span><\/li>\n<li><span style=\"font-size: 12pt;\">sekce pro lisov\u00e1n\u00ed,<\/span><\/li>\n<li><span style=\"font-size: 12pt;\">oblast sva\u0159ov\u00e1n\u00ed a p\u00e1jen\u00ed,<\/span><\/li>\n<li><span style=\"font-size: 12pt;\">elektrick\u00e1 d\u00edlna<\/span><\/li>\n<li><span style=\"font-size: 12pt;\">soustru\u017enictv\u00ed a kovoobr\u00e1b\u011bn\u00ed,<\/span><\/li>\n<li><span style=\"font-size: 12pt;\">pneumohydraulick\u00e1 sekce,<\/span><\/li>\n<li><span style=\"font-size: 12pt;\">oblast pro mont\u00e1\u017e a \u00fapravu<\/span><\/li>\n<li><span style=\"font-size: 12pt;\">stejn\u011b jako sklad z\u00e1sob, hotov\u00fdch v\u00fdrobk\u016f a testovac\u00ed prostor pro p\u0159edv\u00e1d\u011bn\u00ed vyroben\u00e9ho za\u0159\u00edzen\u00ed.<\/span><\/li>\n<\/ul>\n<p><span style=\"font-size: 12pt;\">Vyr\u00e1b\u00edme v\u00edce ne\u017e 100 typ\u016f pr\u016fmyslov\u00fdch technologick\u00fdch za\u0159\u00edzen\u00ed, kter\u00e1 se \u00fasp\u011b\u0161n\u011b pou\u017e\u00edvaj\u00ed v r\u016fzn\u00fdch zem\u00edch sv\u011bta.<\/span><\/p>\n<p><span style=\"font-size: 12pt;\">Sna\u017e\u00edme se vytvo\u0159it za\u0159\u00edzen\u00ed, kter\u00e9 pom\u016f\u017ee zem\u011bd\u011blc\u016fm dos\u00e1hnout maxim\u00e1ln\u00ed efektivity a produktivity. Na\u0161\u00edm posl\u00e1n\u00edm je u\u010dinit zem\u011bd\u011blskou pr\u00e1ci jednodu\u0161\u0161\u00ed, dostupn\u011bj\u0161\u00ed a technologicky vysp\u011blej\u0161\u00ed poskytov\u00e1n\u00edm spolehliv\u00fdch a inovativn\u00edch \u0159e\u0161en\u00ed.<\/span><\/p>\n<h4><strong>Na\u0161e v\u00fdhody<\/strong><\/h4>\n<ol>\n<li><span style=\"font-size: 12pt;\"><strong>Individu\u00e1ln\u00ed p\u0159\u00edstup. <\/strong>Vyv\u00edj\u00edme vybaven\u00ed s ohledem na jedine\u010dn\u00e9 pot\u0159eby ka\u017ed\u00e9ho klienta.<\/span><\/li>\n<li><span style=\"font-size: 12pt;\"><strong>Kvalita.<\/strong>&nbsp;V\u0161echny na\u0161e produkty proch\u00e1zej\u00ed p\u0159\u00edsnou kontrolou kvality v ka\u017ed\u00e9 f\u00e1zi v\u00fdroby.<\/span><\/li>\n<li><span style=\"font-size: 12pt;\"><strong>Inovace. <\/strong>Pou\u017e\u00edv\u00e1me pokro\u010dil\u00e9 technologie, abychom mohli nab\u00eddnout modern\u00ed \u0159e\u0161en\u00ed pro zem\u011bd\u011blstv\u00ed.<\/span><\/li>\n<li><span style=\"font-size: 12pt;\"><strong>Podpora.<\/strong> N\u00e1\u0161 t\u00fdm poskytuje plnou podporu \u2013 od n\u00e1vrhu a\u017e po uveden\u00ed za\u0159\u00edzen\u00ed do provozu.<\/span><\/li>\n<\/ol>\n<h4><strong>Na\u0161e \u00fasp\u011bchy<\/strong><\/h4>\n<p><span style=\"font-size: 12pt;\">Za l\u00e9ta pr\u00e1ce jsme:<\/span><\/p>\n<ul>\n<li><span style=\"font-size: 12pt;\">Implementovali jsme v\u00edce ne\u017e 100 velk\u00fdch projekt\u016f v r\u016fzn\u00fdch zem\u00edch.<\/span><\/li>\n<li><span style=\"font-size: 12pt;\">Z\u00edskal ocen\u011bn\u00ed za inovace ve v\u00fdrob\u011b za\u0159\u00edzen\u00ed.<\/span><\/li>\n<li><span style=\"font-size: 12pt;\">Vytvo\u0159ili jsme automatizovan\u00e9 linky, kter\u00e9 na\u0161im klient\u016fm pomohly zv\u00fd\u0161it produktivitu o 30 %.<\/span><\/li>\n<\/ul>\n<p>&nbsp;<\/p>\n<p><span style=\"font-size: 12pt;\">O n\u00e1s \u2013 to je Intapack, t\u00fdm, kter\u00fd d\u011bl\u00e1 nemo\u017en\u00e9 mo\u017en\u00fdm. Jsme hrd\u00ed na to, \u017ee vytv\u00e1\u0159\u00edme za\u0159\u00edzen\u00ed, kter\u00e9 pom\u00e1h\u00e1 zem\u011bd\u011blc\u016fm rozv\u00edjet jejich podnik\u00e1n\u00ed a dos\u00e1hnout nov\u00fdch v\u00fd\u0161in.<\/span><\/p>\n<\/div>\n","protected":false},"excerpt":{"rendered":"<p>O n\u00e1s Pravideln\u011b si klademe ot\u00e1zku: kdo jsme a co m\u016f\u017eeme d\u011blat? A poka\u017ed\u00e9 je odpov\u011b\u010f na ni st\u00e1le slo\u017eit\u011bj\u0161\u00ed, proto\u017ee pojem \u201emy\u201c roste v po\u010dtu sv\u00fdch \u010dlen\u016f a \u201emy to dok\u00e1\u017eeme\u201c se roz\u0161i\u0159uje co do rozsahu a znalost\u00ed. Jedna v\u011bc v\u0161ak z\u016fst\u00e1v\u00e1 z\u0159ejm\u00e1: jsme integr\u00e1ln\u00ed t\u00fdm, t\u00fdm, kter\u00fd spojuje jedin\u00fd c\u00edl a jedine\u010dn\u00e9 preference. [&hellip;]<\/p>\n","protected":false},"author":1,"featured_media":0,"parent":0,"menu_order":0,"comment_status":"closed","ping_status":"closed","template":"add.php","meta":{"inline_featured_image":false,"ngg_post_thumbnail":0,"footnotes":""},"class_list":["post-50","page","type-page","status-publish","hentry"],"acf":[],"yoast_head":"<!-- This site is optimized with the Yoast SEO plugin v24.2 - https:\/\/yoast.com\/wordpress\/plugins\/seo\/ -->\n<title>O n\u00e1s - O n\u00e1s - O n\u00e1s - O n\u00e1s - O n\u00e1s - O n\u00e1s - O n\u00e1s - O n\u00e1s - Intapack esame profesional\u0173 komanda[:]<\/title>\n<meta name=\"description\" content=\"O n\u00e1s \u2013 jsme v\u00fdrobci zem\u011bd\u011blsk\u00e9 techniky a nab\u00edz\u00edme spolehliv\u00e1 \u0159e\u0161en\u00ed pro zem\u011bd\u011blce jak\u00e9koli slo\u017eitosti.\" \/>\n<meta name=\"robots\" content=\"index, follow, max-snippet:-1, max-image-preview:large, max-video-preview:-1\" \/>\n<link rel=\"canonical\" href=\"https:\/\/intapack.eu\/cs\/about-us\/\" \/>\n<meta property=\"og:locale\" content=\"cs_CZ\" \/>\n<meta property=\"og:locale:alternate\" content=\"en_US\" \/>\n<meta property=\"og:locale:alternate\" content=\"ru_RU\" \/>\n<meta property=\"og:locale:alternate\" content=\"pl_PL\" \/>\n<meta property=\"og:locale:alternate\" content=\"hu_HU\" \/>\n<meta property=\"og:locale:alternate\" content=\"sk_SK\" \/>\n<meta property=\"og:locale:alternate\" content=\"ro_RO\" \/>\n<meta property=\"og:locale:alternate\" content=\"lt_LT\" \/>\n<meta property=\"og:type\" content=\"article\" \/>\n<meta property=\"og:title\" content=\"O n\u00e1sO n\u00e1sO n\u00e1sO n\u00e1sO n\u00e1sO n\u00e1sO n\u00e1sO n\u00e1s\" \/>\n<meta property=\"og:description\" content=\"O n\u00e1s \u2013 jsme v\u00fdrobci zem\u011bd\u011blsk\u00e9 techniky a nab\u00edz\u00edme spolehliv\u00e1 \u0159e\u0161en\u00ed pro zem\u011bd\u011blce jak\u00e9koli slo\u017eitosti.\" \/>\n<meta property=\"og:url\" content=\"https:\/\/intapack.eu\/cs\/about-us\/\" \/>\n<meta property=\"og:site_name\" content=\"Intapack\" \/>\n<meta property=\"article:modified_time\" content=\"2025-04-24T21:50:42+00:00\" \/>\n<meta name=\"twitter:card\" content=\"summary_large_image\" \/>\n<meta name=\"twitter:label1\" content=\"Odhadovan\u00e1 doba \u010dten\u00ed\" \/>\n\t<meta name=\"twitter:data1\" content=\"2 minuty\" \/>\n<script type=\"application\/ld+json\" class=\"yoast-schema-graph\">{\"@context\":\"https:\/\/schema.org\",\"@graph\":[{\"@type\":\"WebPage\",\"@id\":\"https:\/\/intapack.eu\/lt\/about-us\/\",\"url\":\"https:\/\/intapack.eu\/lt\/about-us\/\",\"name\":\"O n\u00e1sO n\u00e1sO n\u00e1sO n\u00e1sO n\u00e1sO n\u00e1sO n\u00e1sO n\u00e1s\",\"isPartOf\":{\"@id\":\"https:\/\/intapack.eu\/#website\"},\"datePublished\":\"2025-04-24T21:44:40+00:00\",\"dateModified\":\"2025-04-24T21:50:42+00:00\",\"description\":\"O n\u00e1s \u2013 jsme v\u00fdrobci zem\u011bd\u011blsk\u00e9 techniky a nab\u00edz\u00edme spolehliv\u00e1 \u0159e\u0161en\u00ed pro zem\u011bd\u011blce jak\u00e9koli slo\u017eitosti.\",\"breadcrumb\":{\"@id\":\"https:\/\/intapack.eu\/lt\/about-us\/#breadcrumb\"},\"inLanguage\":\"cs-CZ\",\"potentialAction\":[{\"@type\":\"ReadAction\",\"target\":[\"https:\/\/intapack.eu\/lt\/about-us\/\"]}]},{\"@type\":\"BreadcrumbList\",\"@id\":\"https:\/\/intapack.eu\/lt\/about-us\/#breadcrumb\",\"itemListElement\":[{\"@type\":\"ListItem\",\"position\":1,\"name\":\"Home\",\"item\":\"https:\/\/intapack.eu\/lt\/\"},{\"@type\":\"ListItem\",\"position\":2,\"name\":\"Apie mus\"}]},{\"@type\":\"WebSite\",\"@id\":\"https:\/\/intapack.eu\/#website\",\"url\":\"https:\/\/intapack.eu\/\",\"name\":\"Intapack\",\"description\":\"Intapack - NEJLEP\u0160\u00cd M\u00cdSTO PRO N\u00c1KUP ZEM\u011aD\u011aLSK\u00c9 TECHNIKY NA UKRAJIN\u011a\",\"publisher\":{\"@id\":\"https:\/\/intapack.eu\/#organization\"},\"potentialAction\":[{\"@type\":\"SearchAction\",\"target\":{\"@type\":\"EntryPoint\",\"urlTemplate\":\"https:\/\/intapack.eu\/?s={search_term_string}\"},\"query-input\":{\"@type\":\"PropertyValueSpecification\",\"valueRequired\":true,\"valueName\":\"search_term_string\"}}],\"inLanguage\":\"cs-CZ\"},{\"@type\":\"Organization\",\"@id\":\"https:\/\/intapack.eu\/#organization\",\"name\":\"Intapack\",\"url\":\"https:\/\/intapack.eu\/\",\"logo\":{\"@type\":\"ImageObject\",\"inLanguage\":\"cs-CZ\",\"@id\":\"https:\/\/intapack.eu\/#\/schema\/logo\/image\/\",\"url\":\"https:\/\/intapack.eu\/wp-content\/uploads\/2025\/04\/intapack2-logo-601x600-1.png\",\"contentUrl\":\"https:\/\/intapack.eu\/wp-content\/uploads\/2025\/04\/intapack2-logo-601x600-1.png\",\"width\":601,\"height\":600,\"caption\":\"Intapack\"},\"image\":{\"@id\":\"https:\/\/intapack.eu\/#\/schema\/logo\/image\/\"}}]}<\/script>\n<!-- \/ Yoast SEO plugin. -->","yoast_head_json":{"title":"O n\u00e1s - O n\u00e1s - O n\u00e1s - O n\u00e1s - O n\u00e1s - O n\u00e1s - O n\u00e1s - O n\u00e1s - Intapack esame profesional\u0173 komanda[:]","description":"O n\u00e1s \u2013 jsme v\u00fdrobci zem\u011bd\u011blsk\u00e9 techniky a nab\u00edz\u00edme spolehliv\u00e1 \u0159e\u0161en\u00ed pro zem\u011bd\u011blce jak\u00e9koli slo\u017eitosti.","robots":{"index":"index","follow":"follow","max-snippet":"max-snippet:-1","max-image-preview":"max-image-preview:large","max-video-preview":"max-video-preview:-1"},"canonical":"https:\/\/intapack.eu\/cs\/about-us\/","og_locale":"cs_CZ","og_type":"article","og_title":"[:en][:en]About us[:ru]\u041e \u043d\u0430\u0441[:pl]O nas[:cs]O n\u00e1s[:hu]R\u00f3lunk[:sk]O n\u00e1s[:ro]Despre noi[:lt]Apie mus[:] - Intapack we are a team of professionals[:ru][:en]About us[:ru]\u041e \u043d\u0430\u0441[:pl]O nas[:cs]O n\u00e1s[:hu]R\u00f3lunk[:sk]O n\u00e1s[:ro]Despre noi[:lt]Apie mus[:] - \u044f\u0432\u043b\u044f\u0435\u043c\u0441\u044f \u043a\u043e\u043c\u0430\u043d\u0434\u043e\u0439 \u043f\u0440\u043e\u0444\u0435\u0441\u0441\u0438\u043e\u043d\u0430\u043b\u043e\u0432[:pl][:en]About us[:ru]\u041e \u043d\u0430\u0441[:pl]O nas[:cs]O n\u00e1s[:hu]R\u00f3lunk[:sk]O n\u00e1s[:ro]Despre noi[:lt]Apie mus[:] - Intapack jeste\u015bmy zespo\u0142em profesjonalist\u00f3w[:cs][:en]About us[:ru]\u041e \u043d\u0430\u0441[:pl]O nas[:cs]O n\u00e1s[:hu]R\u00f3lunk[:sk]O n\u00e1s[:ro]Despre noi[:lt]Apie mus[:] - Intapack jsme t\u00fdm profesion\u00e1l\u016f[:hu][:en]About us[:ru]\u041e \u043d\u0430\u0441[:pl]O nas[:cs]O n\u00e1s[:hu]R\u00f3lunk[:sk]O n\u00e1s[:ro]Despre noi[:lt]Apie mus[:] - Intapack profi csapat vagyunk[:sk][:en]About us[:ru]\u041e \u043d\u0430\u0441[:pl]O nas[:cs]O n\u00e1s[:hu]R\u00f3lunk[:sk]O n\u00e1s[:ro]Despre noi[:lt]Apie mus[:] - Intapack sme t\u00edm profesion\u00e1lov[:ro][:en]About us[:ru]\u041e \u043d\u0430\u0441[:pl]O nas[:cs]O n\u00e1s[:hu]R\u00f3lunk[:sk]O n\u00e1s[:ro]Despre noi[:lt]Apie mus[:] - Intapack suntem o echip\u0103 de profesioni\u0219ti[:lt][:en]About us[:ru]\u041e \u043d\u0430\u0441[:pl]O nas[:cs]O n\u00e1s[:hu]R\u00f3lunk[:sk]O n\u00e1s[:ro]Despre noi[:lt]Apie mus[:] - Intapack esame profesional\u0173 komanda[:]","og_description":"[:en]About us \u2013 we are manufacturers of agricultural equipment, offering reliable solutions for farmers of any complexity.[:ru]\u041e \u043d\u0430\u0441 - Intapack \u043f\u0440\u043e\u0438\u0437\u0432\u043e\u0434\u0438\u0442\u0435\u043b\u0438 \u0441\u0435\u043b\u044c\u0441\u043a\u043e\u0445\u043e\u0437\u044f\u0439\u0441\u0442\u0432\u0435\u043d\u043d\u043e\u0433\u043e \u043e\u0431\u043e\u0440\u0443\u0434\u043e\u0432\u0430\u043d\u0438\u044f, \u043f\u0440\u0435\u0434\u043b\u0430\u0433\u0430\u044e\u0449\u0438\u0439 \u043d\u0430\u0434\u0435\u0436\u043d\u044b\u0435 \u0440\u0435\u0448\u0435\u043d\u0438\u044f \u0434\u043b\u044f \u0430\u0433\u0440\u0430\u0440\u0438\u0435\u0432 \u043b\u044e\u0431\u043e\u0439 \u0441\u043b\u043e\u0436\u043d\u043e\u0441\u0442\u0438.[:pl]O nas \u2013 jeste\u015bmy producentami sprz\u0119tu rolniczego, oferuj\u0105cymi niezawodne rozwi\u0105zania dla rolnik\u00f3w o dowolnym stopniu skomplikowania.[:cs]O n\u00e1s \u2013 jsme v\u00fdrobci zem\u011bd\u011blsk\u00e9 techniky a nab\u00edz\u00edme spolehliv\u00e1 \u0159e\u0161en\u00ed pro zem\u011bd\u011blce jak\u00e9koli slo\u017eitosti.[:hu]R\u00f3lunk \u2013 mez\u0151gazdas\u00e1gi g\u00e9pek gy\u00e1rt\u00f3i vagyunk, megb\u00edzhat\u00f3 megold\u00e1sokat k\u00edn\u00e1lunk b\u00e1rmilyen bonyolults\u00e1g\u00fa gazd\u00e1lkod\u00f3 sz\u00e1m\u00e1ra.[:sk]O n\u00e1s \u2013 sme v\u00fdrobcovia po\u013enohospod\u00e1rskej techniky a pon\u00fakame spo\u013eahliv\u00e9 rie\u0161enia pre farm\u00e1rov akejko\u013evek zlo\u017eitosti.[:ro]Despre noi \u2013 suntem produc\u0103tori de echipamente agricole, oferind solu\u021bii fiabile pentru fermieri de orice complexitate.[:lt]Apie mus \u2013 esame \u017eem\u0117s \u016bkio technikos gamintojai, si\u016blantys patikimus sprendimus bet kokio sud\u0117tingumo \u016bkininkams.[:]","og_url":"https:\/\/intapack.eu\/cs\/about-us\/","og_site_name":"Intapack","article_modified_time":"2025-04-24T21:50:42+00:00","twitter_card":"summary_large_image","twitter_misc":{"Odhadovan\u00e1 doba \u010dten\u00ed":"2 minuty"},"schema":{"@context":"https:\/\/schema.org","@graph":[{"@type":"WebPage","@id":"https:\/\/intapack.eu\/lt\/about-us\/","url":"https:\/\/intapack.eu\/lt\/about-us\/","name":"O n\u00e1sO n\u00e1sO n\u00e1sO n\u00e1sO n\u00e1sO n\u00e1sO n\u00e1sO n\u00e1s","isPartOf":{"@id":"https:\/\/intapack.eu\/#website"},"datePublished":"2025-04-24T21:44:40+00:00","dateModified":"2025-04-24T21:50:42+00:00","description":"O n\u00e1s \u2013 jsme v\u00fdrobci zem\u011bd\u011blsk\u00e9 techniky a nab\u00edz\u00edme spolehliv\u00e1 \u0159e\u0161en\u00ed pro zem\u011bd\u011blce jak\u00e9koli slo\u017eitosti.","breadcrumb":{"@id":"https:\/\/intapack.eu\/lt\/about-us\/#breadcrumb"},"inLanguage":"cs-CZ","potentialAction":[{"@type":"ReadAction","target":["https:\/\/intapack.eu\/lt\/about-us\/"]}]},{"@type":"BreadcrumbList","@id":"https:\/\/intapack.eu\/lt\/about-us\/#breadcrumb","itemListElement":[{"@type":"ListItem","position":1,"name":"Home","item":"https:\/\/intapack.eu\/lt\/"},{"@type":"ListItem","position":2,"name":"Apie mus"}]},{"@type":"WebSite","@id":"https:\/\/intapack.eu\/#website","url":"https:\/\/intapack.eu\/","name":"Intapack","description":"Intapack - NEJLEP\u0160\u00cd M\u00cdSTO PRO N\u00c1KUP ZEM\u011aD\u011aLSK\u00c9 TECHNIKY NA UKRAJIN\u011a","publisher":{"@id":"https:\/\/intapack.eu\/#organization"},"potentialAction":[{"@type":"SearchAction","target":{"@type":"EntryPoint","urlTemplate":"https:\/\/intapack.eu\/?s={search_term_string}"},"query-input":{"@type":"PropertyValueSpecification","valueRequired":true,"valueName":"search_term_string"}}],"inLanguage":"cs-CZ"},{"@type":"Organization","@id":"https:\/\/intapack.eu\/#organization","name":"Intapack","url":"https:\/\/intapack.eu\/","logo":{"@type":"ImageObject","inLanguage":"cs-CZ","@id":"https:\/\/intapack.eu\/#\/schema\/logo\/image\/","url":"https:\/\/intapack.eu\/wp-content\/uploads\/2025\/04\/intapack2-logo-601x600-1.png","contentUrl":"https:\/\/intapack.eu\/wp-content\/uploads\/2025\/04\/intapack2-logo-601x600-1.png","width":601,"height":600,"caption":"Intapack"},"image":{"@id":"https:\/\/intapack.eu\/#\/schema\/logo\/image\/"}}]}},"_links":{"self":[{"href":"https:\/\/intapack.eu\/cs\/wp-json\/wp\/v2\/pages\/50","targetHints":{"allow":["GET"]}}],"collection":[{"href":"https:\/\/intapack.eu\/cs\/wp-json\/wp\/v2\/pages"}],"about":[{"href":"https:\/\/intapack.eu\/cs\/wp-json\/wp\/v2\/types\/page"}],"author":[{"embeddable":true,"href":"https:\/\/intapack.eu\/cs\/wp-json\/wp\/v2\/users\/1"}],"replies":[{"embeddable":true,"href":"https:\/\/intapack.eu\/cs\/wp-json\/wp\/v2\/comments?post=50"}],"version-history":[{"count":8,"href":"https:\/\/intapack.eu\/cs\/wp-json\/wp\/v2\/pages\/50\/revisions"}],"predecessor-version":[{"id":58,"href":"https:\/\/intapack.eu\/cs\/wp-json\/wp\/v2\/pages\/50\/revisions\/58"}],"wp:attachment":[{"href":"https:\/\/intapack.eu\/cs\/wp-json\/wp\/v2\/media?parent=50"}],"curies":[{"name":"wp","href":"https:\/\/api.w.org\/{rel}","templated":true}]}}