{"id":29,"date":"2025-04-24T22:22:59","date_gmt":"2025-04-24T20:22:59","guid":{"rendered":"https:\/\/intapack.eu\/?page_id=29"},"modified":"2025-04-24T22:27:01","modified_gmt":"2025-04-24T20:27:01","slug":"service","status":"publish","type":"page","link":"https:\/\/intapack.eu\/cs\/service\/","title":{"rendered":"Servis"},"content":{"rendered":"<p><span style=\"font-size: 12pt;\">Jak\u00e9koli zem\u011bd\u011blsk\u00e9 za\u0159\u00edzen\u00ed vy\u017eaduje \u0161kolen\u00ed v pr\u00e1ci s n\u00edm, stejn\u011b jako dal\u0161\u00ed technick\u00e9 kontroly, servis a opravy.<\/span><br \/>\n<span style=\"font-size: 12pt;\">Na\u0161e spole\u010dnost v\u00e1m v tom pom\u016f\u017ee!<\/span><br \/>\n<span style=\"font-size: 12pt;\">Servisn\u00ed centrum Intapack poskytuje n\u00e1sleduj\u00edc\u00ed slu\u017eby:<\/span><\/p>\n<ul>\n<li><span style=\"font-size: 12pt;\">\u0160kolen\u00ed person\u00e1lu z\u00e1kazn\u00edka v pr\u00e1ci se za\u0159\u00edzen\u00edm;<\/span><\/li>\n<li><span style=\"font-size: 12pt;\">Instalace za\u0159\u00edzen\u00ed na \u00fazem\u00ed z\u00e1kazn\u00edka;<\/span><\/li>\n<li><span style=\"font-size: 12pt;\">Prov\u00e1d\u011bn\u00ed prac\u00ed na uveden\u00ed do provozu na \u00fazem\u00ed dodavatele nebo z\u00e1kazn\u00edka;<\/span><\/li>\n<li><span style=\"font-size: 12pt;\">Informativn\u00ed z\u00e1kaznick\u00e1 podpora (\u0159e\u0161en\u00ed probl\u00e9m\u016f, rekonfigurace atd.);<\/span><\/li>\n<li><span style=\"font-size: 12pt;\">Diagnostika, opravy, modernizace za\u0159\u00edzen\u00ed na \u00fazem\u00ed dodavatele nebo odb\u011bratele;<\/span><\/li>\n<li><span style=\"font-size: 12pt;\">\u00dadr\u017eba za\u0159\u00edzen\u00ed na \u00fazem\u00ed z\u00e1kazn\u00edka.<\/span><\/li>\n<\/ul>\n<p><span style=\"font-size: 12pt;\"><strong>Podrobn\u011bj\u0161\u00ed informace z\u00edsk\u00e1te od servisn\u00edho a technick\u00e9ho odd\u011blen\u00ed.<\/strong><\/span><\/p>\n","protected":false},"excerpt":{"rendered":"<p>Jak\u00e9koli zem\u011bd\u011blsk\u00e9 za\u0159\u00edzen\u00ed vy\u017eaduje \u0161kolen\u00ed v pr\u00e1ci s n\u00edm, stejn\u011b jako dal\u0161\u00ed technick\u00e9 kontroly, servis a opravy. Na\u0161e spole\u010dnost v\u00e1m v tom pom\u016f\u017ee! Servisn\u00ed centrum Intapack poskytuje n\u00e1sleduj\u00edc\u00ed slu\u017eby: \u0160kolen\u00ed person\u00e1lu z\u00e1kazn\u00edka v pr\u00e1ci se za\u0159\u00edzen\u00edm; Instalace za\u0159\u00edzen\u00ed na \u00fazem\u00ed z\u00e1kazn\u00edka; Prov\u00e1d\u011bn\u00ed prac\u00ed na uveden\u00ed do provozu na \u00fazem\u00ed dodavatele nebo z\u00e1kazn\u00edka; Informativn\u00ed z\u00e1kaznick\u00e1 podpora [&hellip;]<\/p>\n","protected":false},"author":1,"featured_media":0,"parent":0,"menu_order":0,"comment_status":"closed","ping_status":"closed","template":"add.php","meta":{"inline_featured_image":false,"ngg_post_thumbnail":0,"footnotes":""},"class_list":["post-29","page","type-page","status-publish","hentry"],"acf":[],"yoast_head":"<!-- This site is optimized with the Yoast SEO plugin v24.2 - https:\/\/yoast.com\/wordpress\/plugins\/seo\/ -->\n<title>Servis - Intapack<\/title>\n<meta name=\"robots\" content=\"index, follow, max-snippet:-1, max-image-preview:large, max-video-preview:-1\" \/>\n<link rel=\"canonical\" href=\"https:\/\/intapack.eu\/cs\/service\/\" \/>\n<meta property=\"og:locale\" content=\"cs_CZ\" \/>\n<meta property=\"og:locale:alternate\" content=\"en_US\" \/>\n<meta property=\"og:locale:alternate\" content=\"ru_RU\" \/>\n<meta property=\"og:locale:alternate\" content=\"pl_PL\" \/>\n<meta property=\"og:locale:alternate\" content=\"hu_HU\" \/>\n<meta property=\"og:locale:alternate\" content=\"sk_SK\" \/>\n<meta property=\"og:locale:alternate\" content=\"ro_RO\" \/>\n<meta property=\"og:locale:alternate\" content=\"lt_LT\" \/>\n<meta property=\"og:type\" content=\"article\" \/>\n<meta property=\"og:title\" content=\"Servis\" \/>\n<meta property=\"og:description\" content=\"Jak\u00e9koli zem\u011bd\u011blsk\u00e9 za\u0159\u00edzen\u00ed vy\u017eaduje \u0161kolen\u00ed v pr\u00e1ci s n\u00edm, stejn\u011b jako dal\u0161\u00ed technick\u00e9 kontroly, servis a opravy. Na\u0161e spole\u010dnost v\u00e1m v tom pom\u016f\u017ee! Servisn\u00ed centrum Intapack poskytuje n\u00e1sleduj\u00edc\u00ed slu\u017eby: \u0160kolen\u00ed person\u00e1lu z\u00e1kazn\u00edka v pr\u00e1ci se za\u0159\u00edzen\u00edm; Instalace za\u0159\u00edzen\u00ed na \u00fazem\u00ed z\u00e1kazn\u00edka; Prov\u00e1d\u011bn\u00ed prac\u00ed na uveden\u00ed do provozu na \u00fazem\u00ed dodavatele nebo z\u00e1kazn\u00edka; Informativn\u00ed z\u00e1kaznick\u00e1 podpora [&hellip;]\" \/>\n<meta property=\"og:url\" content=\"https:\/\/intapack.eu\/cs\/service\/\" \/>\n<meta property=\"og:site_name\" content=\"Intapack\" \/>\n<meta property=\"article:modified_time\" content=\"2025-04-24T20:27:01+00:00\" \/>\n<meta name=\"twitter:card\" content=\"summary_large_image\" \/>\n<meta name=\"twitter:label1\" content=\"Odhadovan\u00e1 doba \u010dten\u00ed\" \/>\n\t<meta name=\"twitter:data1\" content=\"1 minuta\" \/>\n<script type=\"application\/ld+json\" class=\"yoast-schema-graph\">{\"@context\":\"https:\/\/schema.org\",\"@graph\":[{\"@type\":\"WebPage\",\"@id\":\"https:\/\/intapack.eu\/lt\/service\/\",\"url\":\"https:\/\/intapack.eu\/lt\/service\/\",\"name\":\"Servis\",\"isPartOf\":{\"@id\":\"https:\/\/intapack.eu\/#website\"},\"datePublished\":\"2025-04-24T20:22:59+00:00\",\"dateModified\":\"2025-04-24T20:27:01+00:00\",\"breadcrumb\":{\"@id\":\"https:\/\/intapack.eu\/lt\/service\/#breadcrumb\"},\"inLanguage\":\"cs-CZ\",\"potentialAction\":[{\"@type\":\"ReadAction\",\"target\":[\"https:\/\/intapack.eu\/lt\/service\/\"]}]},{\"@type\":\"BreadcrumbList\",\"@id\":\"https:\/\/intapack.eu\/lt\/service\/#breadcrumb\",\"itemListElement\":[{\"@type\":\"ListItem\",\"position\":1,\"name\":\"Home\",\"item\":\"https:\/\/intapack.eu\/lt\/\"},{\"@type\":\"ListItem\",\"position\":2,\"name\":\"Paslauga\"}]},{\"@type\":\"WebSite\",\"@id\":\"https:\/\/intapack.eu\/#website\",\"url\":\"https:\/\/intapack.eu\/\",\"name\":\"Intapack\",\"description\":\"Intapack - NEJLEP\u0160\u00cd M\u00cdSTO PRO N\u00c1KUP ZEM\u011aD\u011aLSK\u00c9 TECHNIKY NA UKRAJIN\u011a\",\"publisher\":{\"@id\":\"https:\/\/intapack.eu\/#organization\"},\"potentialAction\":[{\"@type\":\"SearchAction\",\"target\":{\"@type\":\"EntryPoint\",\"urlTemplate\":\"https:\/\/intapack.eu\/?s={search_term_string}\"},\"query-input\":{\"@type\":\"PropertyValueSpecification\",\"valueRequired\":true,\"valueName\":\"search_term_string\"}}],\"inLanguage\":\"cs-CZ\"},{\"@type\":\"Organization\",\"@id\":\"https:\/\/intapack.eu\/#organization\",\"name\":\"Intapack\",\"url\":\"https:\/\/intapack.eu\/\",\"logo\":{\"@type\":\"ImageObject\",\"inLanguage\":\"cs-CZ\",\"@id\":\"https:\/\/intapack.eu\/#\/schema\/logo\/image\/\",\"url\":\"https:\/\/intapack.eu\/wp-content\/uploads\/2025\/04\/intapack2-logo-601x600-1.png\",\"contentUrl\":\"https:\/\/intapack.eu\/wp-content\/uploads\/2025\/04\/intapack2-logo-601x600-1.png\",\"width\":601,\"height\":600,\"caption\":\"Intapack\"},\"image\":{\"@id\":\"https:\/\/intapack.eu\/#\/schema\/logo\/image\/\"}}]}<\/script>\n<!-- \/ Yoast SEO plugin. -->","yoast_head_json":{"title":"Servis - Intapack","robots":{"index":"index","follow":"follow","max-snippet":"max-snippet:-1","max-image-preview":"max-image-preview:large","max-video-preview":"max-video-preview:-1"},"canonical":"https:\/\/intapack.eu\/cs\/service\/","og_locale":"cs_CZ","og_type":"article","og_title":"[:en]Service[:ru]\u0421\u0435\u0440\u0432\u0438\u0441[:pl]Praca[:cs]Servis[:hu]Szolg\u00e1ltat\u00e1s[:sk]Slu\u017eba[:ro]Serviciu[:lt]Paslauga[:] - Intapack","og_description":"Jak\u00e9koli zem\u011bd\u011blsk\u00e9 za\u0159\u00edzen\u00ed vy\u017eaduje \u0161kolen\u00ed v pr\u00e1ci s n\u00edm, stejn\u011b jako dal\u0161\u00ed technick\u00e9 kontroly, servis a opravy. Na\u0161e spole\u010dnost v\u00e1m v tom pom\u016f\u017ee! Servisn\u00ed centrum Intapack poskytuje n\u00e1sleduj\u00edc\u00ed slu\u017eby: \u0160kolen\u00ed person\u00e1lu z\u00e1kazn\u00edka v pr\u00e1ci se za\u0159\u00edzen\u00edm; Instalace za\u0159\u00edzen\u00ed na \u00fazem\u00ed z\u00e1kazn\u00edka; Prov\u00e1d\u011bn\u00ed prac\u00ed na uveden\u00ed do provozu na \u00fazem\u00ed dodavatele nebo z\u00e1kazn\u00edka; Informativn\u00ed z\u00e1kaznick\u00e1 podpora [&hellip;]","og_url":"https:\/\/intapack.eu\/cs\/service\/","og_site_name":"Intapack","article_modified_time":"2025-04-24T20:27:01+00:00","twitter_card":"summary_large_image","twitter_misc":{"Odhadovan\u00e1 doba \u010dten\u00ed":"1 minuta"},"schema":{"@context":"https:\/\/schema.org","@graph":[{"@type":"WebPage","@id":"https:\/\/intapack.eu\/lt\/service\/","url":"https:\/\/intapack.eu\/lt\/service\/","name":"Servis","isPartOf":{"@id":"https:\/\/intapack.eu\/#website"},"datePublished":"2025-04-24T20:22:59+00:00","dateModified":"2025-04-24T20:27:01+00:00","breadcrumb":{"@id":"https:\/\/intapack.eu\/lt\/service\/#breadcrumb"},"inLanguage":"cs-CZ","potentialAction":[{"@type":"ReadAction","target":["https:\/\/intapack.eu\/lt\/service\/"]}]},{"@type":"BreadcrumbList","@id":"https:\/\/intapack.eu\/lt\/service\/#breadcrumb","itemListElement":[{"@type":"ListItem","position":1,"name":"Home","item":"https:\/\/intapack.eu\/lt\/"},{"@type":"ListItem","position":2,"name":"Paslauga"}]},{"@type":"WebSite","@id":"https:\/\/intapack.eu\/#website","url":"https:\/\/intapack.eu\/","name":"Intapack","description":"Intapack - NEJLEP\u0160\u00cd M\u00cdSTO PRO N\u00c1KUP ZEM\u011aD\u011aLSK\u00c9 TECHNIKY NA UKRAJIN\u011a","publisher":{"@id":"https:\/\/intapack.eu\/#organization"},"potentialAction":[{"@type":"SearchAction","target":{"@type":"EntryPoint","urlTemplate":"https:\/\/intapack.eu\/?s={search_term_string}"},"query-input":{"@type":"PropertyValueSpecification","valueRequired":true,"valueName":"search_term_string"}}],"inLanguage":"cs-CZ"},{"@type":"Organization","@id":"https:\/\/intapack.eu\/#organization","name":"Intapack","url":"https:\/\/intapack.eu\/","logo":{"@type":"ImageObject","inLanguage":"cs-CZ","@id":"https:\/\/intapack.eu\/#\/schema\/logo\/image\/","url":"https:\/\/intapack.eu\/wp-content\/uploads\/2025\/04\/intapack2-logo-601x600-1.png","contentUrl":"https:\/\/intapack.eu\/wp-content\/uploads\/2025\/04\/intapack2-logo-601x600-1.png","width":601,"height":600,"caption":"Intapack"},"image":{"@id":"https:\/\/intapack.eu\/#\/schema\/logo\/image\/"}}]}},"_links":{"self":[{"href":"https:\/\/intapack.eu\/cs\/wp-json\/wp\/v2\/pages\/29","targetHints":{"allow":["GET"]}}],"collection":[{"href":"https:\/\/intapack.eu\/cs\/wp-json\/wp\/v2\/pages"}],"about":[{"href":"https:\/\/intapack.eu\/cs\/wp-json\/wp\/v2\/types\/page"}],"author":[{"embeddable":true,"href":"https:\/\/intapack.eu\/cs\/wp-json\/wp\/v2\/users\/1"}],"replies":[{"embeddable":true,"href":"https:\/\/intapack.eu\/cs\/wp-json\/wp\/v2\/comments?post=29"}],"version-history":[{"count":8,"href":"https:\/\/intapack.eu\/cs\/wp-json\/wp\/v2\/pages\/29\/revisions"}],"predecessor-version":[{"id":37,"href":"https:\/\/intapack.eu\/cs\/wp-json\/wp\/v2\/pages\/29\/revisions\/37"}],"wp:attachment":[{"href":"https:\/\/intapack.eu\/cs\/wp-json\/wp\/v2\/media?parent=29"}],"curies":[{"name":"wp","href":"https:\/\/api.w.org\/{rel}","templated":true}]}}